{"id":15141,"date":"2025-09-26T13:36:54","date_gmt":"2025-09-26T10:36:54","guid":{"rendered":"https:\/\/www.piiroinen.com\/?page_id=15141"},"modified":"2025-09-26T14:30:48","modified_gmt":"2025-09-26T11:30:48","slug":"laserhitsaus","status":"publish","type":"page","link":"https:\/\/www.piiroinen.com\/fi\/alihankinta\/metallikomponentit\/laserhitsaus\/","title":{"rendered":"Laserhitsaus"},"content":{"rendered":"<p>[vc_row full_width=&#8221;stretch_row&#8221; css=&#8221;.vc_custom_1642776158494{background-color: #020202 !important;}&#8221;][vc_column][vc_column_text el_class=&#8221;kupari-teksti&#8221;]<\/p>\n<h1 style=\"text-align: center;\">Laserhitsaus<\/h1>\n<p>[\/vc_column_text][vc_column_text el_class=&#8221;valkoinen-teksti&#8221;]<\/p>\n<p class=\"inkku\" style=\"text-align: center;\">Tarkkuutta ja tehokkuutta metallikomponenttien hitsaukseen<\/p>\n<p>[\/vc_column_text][vc_row_inner content_placement=&#8221;middle&#8221;][vc_column_inner width=&#8221;3\/5&#8243;][vc_single_image image=&#8221;15148&#8243; img_size=&#8221;full&#8221;][\/vc_column_inner][vc_column_inner el_class=&#8221;offi-palsta&#8221; width=&#8221;2\/5&#8243; css=&#8221;.vc_custom_1643204069263{padding-top: 12% !important;padding-right: 12% !important;padding-bottom: 12% !important;padding-left: 12% !important;background-color: #b08640 !important;}&#8221;][vc_column_text el_class=&#8221;valkoinen-teksti&#8221;]<\/p>\n<h2>Laserhitsauksella eritt\u00e4in siisti ja tarkka sauma<\/h2>\n<p>Laserhitsaus on moderni hitsausmenetelm\u00e4, jossa lasers\u00e4de sulattaa materiaalin tarkasti rajatulla alueella. Lopputuloksena syntyy eritt\u00e4in siisti ja mittatarkka sauma, joka kuormittaa materiaalia mahdollisimman v\u00e4h\u00e4n.<\/p>\n<p>Menetelm\u00e4 soveltuu erityisesti ohutlevyihin, vaativiin komponentteihin ja rakenteisiin, joissa perinteinen hitsaus aiheuttaisi liikaa muodonmuutoksia.<\/p>\n<p class=\"p1\">Toimimme <b>ISO 9001<\/b>, <b>14001 <\/b>ja <b>45001 -standardien<\/b> vaatimalla tavalla.<\/p>\n<p>[\/vc_column_text]<style type=\"text\/css\" data-type=\"the7_shortcodes-inline-css\">#default-btn-0561c85d5d1478e11e6b0f816841abb7 {\n  border-radius: 0px;\n  font-size: 16px;\n  line-height: 18px;\n}\n.btn-shadow#default-btn-0561c85d5d1478e11e6b0f816841abb7 {\n  box-shadow: 0 1px 6px rgba(0,0,0,0.12);\n  transition: box-shadow 0.2s ease-out, opacity 0.45s;\n}\n.btn-shadow#default-btn-0561c85d5d1478e11e6b0f816841abb7:hover {\n  box-shadow: 0 5px 11px 0 rgba(0,0,0,0.18), 0 4px 15px 0 rgba(0,0,0,0.15);\n}\n.btn-3d#default-btn-0561c85d5d1478e11e6b0f816841abb7:hover {\n  box-shadow: 0px 2px 0px 0px #e0e0e0;\n}\n.btn-flat#default-btn-0561c85d5d1478e11e6b0f816841abb7 {\n  box-shadow: none;\n}\n.btn-flat#default-btn-0561c85d5d1478e11e6b0f816841abb7:hover {\n  box-shadow: none;\n}\n#default-btn-0561c85d5d1478e11e6b0f816841abb7.ico-right-side > i {\n  margin-right: 0px;\n  margin-left: 8px;\n}\n#default-btn-0561c85d5d1478e11e6b0f816841abb7 > i {\n  margin-right: 8px;\n  font-size: 16px;\n}\n#default-btn-0561c85d5d1478e11e6b0f816841abb7:not(:hover) {\n  border-width: 2px;\n  border-color: #ffffff !important;\n  color: #ffffff;\n  background: none !important;\n  padding: 16px 22px 16px 22px;\n}\n#default-btn-0561c85d5d1478e11e6b0f816841abb7:not(:hover) * {\n  color: #ffffff;\n}\n#default-btn-0561c85d5d1478e11e6b0f816841abb7:hover {\n  border-width: 2px;\n  border-color: #ffffff !important;\n  color: #b08640;\n  background: #ffffff !important;\n  padding: 16px 22px 16px 22px;\n}\n#default-btn-0561c85d5d1478e11e6b0f816841abb7:hover * {\n  color: #b08640;\n}\n#default-btn-0561c85d5d1478e11e6b0f816841abb7.ico-right-side > i {\n  margin-right: 0px;\n  margin-left: 8px;\n}\n#default-btn-0561c85d5d1478e11e6b0f816841abb7 > i {\n  margin-right: 8px;\n}\n<\/style><a href=\"#!\/kysy-lisaa\" class=\"default-btn-shortcode dt-btn link-hover-off ico-right-side anchor-link btn-inline-left btn-flat \" id=\"default-btn-0561c85d5d1478e11e6b0f816841abb7\"><span>Pyyd\u00e4 tarjous<\/span><i class=\"icomoon-the7-font-the7-arrow-29-1\"><\/i><\/a>[\/vc_column_inner][\/vc_row_inner][\/vc_column][\/vc_row][vc_row gap=&#8221;35&#8243;][vc_column][vc_row_inner gap=&#8221;35&#8243;][vc_column_inner width=&#8221;1\/3&#8243;][vc_column_text]<\/p>\n<h2>K\u00e4ytt\u00f6kohteet<\/h2>\n<p>[\/vc_column_text][\/vc_column_inner][vc_column_inner width=&#8221;2\/3&#8243;][vc_column_text]Laserhitsaus on oikea ratkaisu, kun tarvitaan:<\/p>\n<ul>\n<li>Ohutsein\u00e4isi\u00e4 komponentteja ilman l\u00e4mp\u00f6muodonmuutoksia<\/li>\n<li>N\u00e4kyvi\u00e4 osia, joissa saumaj\u00e4lki on osa tuotteen laatua<\/li>\n<li>Rakenteita, joissa p\u00e4\u00e4sy on rajoitettu \u2013 hitsaus onnistuu vain yhdelt\u00e4 puolelta<\/li>\n<\/ul>\n<p>[\/vc_column_text][\/vc_column_inner][\/vc_row_inner][vc_row_inner gap=&#8221;35&#8243;][vc_column_inner width=&#8221;1\/3&#8243;][vc_column_text]<\/p>\n<h2>Materiaalit ja menetelm\u00e4t<\/h2>\n<p>[\/vc_column_text][\/vc_column_inner][vc_column_inner width=&#8221;2\/3&#8243;][vc_column_text]<strong>Materiaalit:<\/strong> ter\u00e4kset, ruostumattomat ter\u00e4kset, alumiini<br \/>\n<strong>Materiaalipaksuudet:<\/strong> ohutlevyist\u00e4 paksumpiin osiin, m\u00e4\u00e4ritell\u00e4\u00e4n tapauskohtaisesti<br \/>\n<strong>Prosessit:<\/strong> conduction- ja keyhole-laserhitsaus, tarvittaessa suojakaasut<br \/>\n<strong>Laatu:<\/strong> visuaalinen tarkastus, mittatarkkuus ja dokumentointi<br \/>\n<strong>Sertifikaatit:<\/strong> ISO 9001, 14001, 45001[\/vc_column_text][\/vc_column_inner][\/vc_row_inner][\/vc_column][\/vc_row][vc_row full_width=&#8221;stretch_row&#8221; gap=&#8221;35&#8243; equal_height=&#8221;yes&#8221; content_placement=&#8221;middle&#8221; css=&#8221;.vc_custom_1646299068027{background-color: #b08640 !important;}&#8221; el_class=&#8221;valkoinen-teksti&#8221;][vc_column][vc_column_text el_class=&#8221;kapea-palsta&#8221;]<\/p>\n<h2 style=\"text-align: center;\">Sopimusvalmistusta komponenteista kokoonpanoon<\/h2>\n<p class=\"inkku\" style=\"text-align: center;\">Laserhitsauksen lis\u00e4ksi tarjoamme asiakkaillemme muita metallikomponenttien valmistukseen liittyvi\u00e4 palveluita.<\/p>\n<p style=\"text-align: center;\">Konekannassamme on mm. CNC-putkentaivuttimia, putki-\/profiililaser, automaattisaha, putkimankeli, ep\u00e4keskopuristimia, jyrsimi\u00e4, hiontarobotti ja k\u00e4sihiomakoneita. Voimme yhdist\u00e4\u00e4 palveluun my\u00f6s eri <a style=\"color: #202020;\" href=\"https:\/\/www.piiroinen.com\/fi\/alihankinta\/pintakasittely\/\">pintak\u00e4sittelyj\u00e4<\/a> parhaimman lopputuloksen aikaansaamiseksi. Lis\u00e4ksi voimme tarvittaessa <a style=\"color: #202020;\" href=\"https:\/\/www.piiroinen.com\/fi\/alihankinta\/kokoonpano\/\">koota ja pakata<\/a> tuotteet asiakkaan toiveiden mukaisesti.<\/p>\n<p>[\/vc_column_text]<style type=\"text\/css\" data-type=\"the7_shortcodes-inline-css\">#default-btn-bb6f5f9652d0fe76531a8f3ba7dbc63a {\n  border-radius: 0px;\n  font-size: 16px;\n  line-height: 18px;\n}\n.btn-shadow#default-btn-bb6f5f9652d0fe76531a8f3ba7dbc63a {\n  box-shadow: 0 1px 6px rgba(0,0,0,0.12);\n  transition: box-shadow 0.2s ease-out, opacity 0.45s;\n}\n.btn-shadow#default-btn-bb6f5f9652d0fe76531a8f3ba7dbc63a:hover {\n  box-shadow: 0 5px 11px 0 rgba(0,0,0,0.18), 0 4px 15px 0 rgba(0,0,0,0.15);\n}\n.btn-3d#default-btn-bb6f5f9652d0fe76531a8f3ba7dbc63a:hover {\n  box-shadow: 0px 2px 0px 0px #dfdfdf;\n}\n.btn-flat#default-btn-bb6f5f9652d0fe76531a8f3ba7dbc63a {\n  box-shadow: none;\n}\n.btn-flat#default-btn-bb6f5f9652d0fe76531a8f3ba7dbc63a:hover {\n  box-shadow: none;\n}\n#default-btn-bb6f5f9652d0fe76531a8f3ba7dbc63a.ico-right-side > i {\n  margin-right: 0px;\n  margin-left: 8px;\n}\n#default-btn-bb6f5f9652d0fe76531a8f3ba7dbc63a > i {\n  margin-right: 8px;\n  font-size: 16px;\n}\n#default-btn-bb6f5f9652d0fe76531a8f3ba7dbc63a:not(:hover) {\n  border-width: 2px;\n  border-color: #fefefe !important;\n  color: #fefefe;\n  background: none !important;\n  padding: 16px 22px 16px 22px;\n}\n#default-btn-bb6f5f9652d0fe76531a8f3ba7dbc63a:not(:hover) * {\n  color: #fefefe;\n}\n#default-btn-bb6f5f9652d0fe76531a8f3ba7dbc63a:hover {\n  border-width: 2px;\n  border-color: #fefefe !important;\n  color: #b08640;\n  background: #fefefe !important;\n  padding: 16px 22px 16px 22px;\n}\n#default-btn-bb6f5f9652d0fe76531a8f3ba7dbc63a:hover * {\n  color: #b08640;\n}\n#default-btn-bb6f5f9652d0fe76531a8f3ba7dbc63a.ico-right-side > i {\n  margin-right: 0px;\n  margin-left: 8px;\n}\n#default-btn-bb6f5f9652d0fe76531a8f3ba7dbc63a > i {\n  margin-right: 8px;\n}\n<\/style><div class=\"btn-align-center\"><a href=\"#!\/kysy-lisaa\" class=\"default-btn-shortcode dt-btn link-hover-off ico-right-side anchor-link btn-flat \" id=\"default-btn-bb6f5f9652d0fe76531a8f3ba7dbc63a\"><span>Kysy lis\u00e4\u00e4<\/span><i class=\"icomoon-the7-font-the7-arrow-29-1\"><\/i><\/a><\/div>[\/vc_column][\/vc_row][vc_row full_width=&#8221;stretch_row&#8221; gap=&#8221;35&#8243; equal_height=&#8221;yes&#8221; content_placement=&#8221;middle&#8221; css=&#8221;.vc_custom_1646299860179{background-color: #e9ecee !important;}&#8221; el_id=&#8221;kysy-lisaa&#8221;][vc_column][vc_column_text css=&#8221;.vc_custom_1646299139987{padding-bottom: 2em !important;}&#8221; el_class=&#8221;kapea-palsta&#8221;]<\/p>\n<h1 style=\"text-align: center;\">Yhteydenotto<\/h1>\n<p class=\"inkku\" style=\"text-align: center;\">Kysy lis\u00e4\u00e4 hitsauksesta<\/p>\n<p>[\/vc_column_text][\/vc_column][vc_column width=&#8221;1\/2&#8243; css=&#8221;.vc_custom_1640073767143{border-top-width: 2px !important;border-right-width: 2px !important;border-bottom-width: 2px !important;border-left-width: 2px !important;padding-top: 12% !important;padding-right: 12% !important;padding-bottom: 12% !important;padding-left: 12% !important;border-left-color: #b08640 !important;border-left-style: solid !important;border-right-color: #b08640 !important;border-right-style: solid !important;border-top-color: #b08640 !important;border-top-style: solid !important;border-bottom-color: #b08640 !important;border-bottom-style: solid !important;}&#8221;][vc_column_text css=&#8221;.vc_custom_1643371610377{padding-bottom: 2em !important;}&#8221;]<\/p>\n<h2>Kysy lis\u00e4\u00e4<\/h2>\n<p class=\"inkku\">Kysy lis\u00e4\u00e4 asiantuntijoiltamme<\/p>\n<p>[\/vc_column_text][vc_row_inner equal_height=&#8221;yes&#8221; content_placement=&#8221;middle&#8221; gap=&#8221;20&#8243; css=&#8221;.vc_custom_1640165080648{padding-top: 0em !important;padding-bottom: 0em !important;}&#8221;][vc_column_inner width=&#8221;1\/2&#8243;][vc_single_image image=&#8221;2057&#8243; img_size=&#8221;full&#8221;][\/vc_column_inner][vc_column_inner width=&#8221;1\/2&#8243;][vc_column_text]<\/p>\n<h4>Ari Talus<\/h4>\n<p><strong>Asiakkuusp\u00e4\u00e4llikk\u00f6<\/strong><br \/>\nMetallikomponentit<\/p>\n<p><a href=\"tel:+358447706112\">+358 44 770 6112<\/a><br \/>\n<a href=\"mailto:ari.talus@piiroinen.com\">ari.talus@piiroinen.com<\/a>[\/vc_column_text][\/vc_column_inner][\/vc_row_inner][\/vc_column][vc_column width=&#8221;1\/2&#8243; css=&#8221;.vc_custom_1640073774007{padding-top: 12% !important;padding-right: 12% !important;padding-bottom: 12% !important;padding-left: 12% !important;background-color: #b08640 !important;}&#8221; el_class=&#8221;valkoinen-teksti&#8221;][vc_column_text]<\/p>\n<h2>Pyyd\u00e4 tarjous<\/h2>\n<p class=\"inkku\">Aloita l\u00e4hett\u00e4m\u00e4ll\u00e4 oheinen lomake<\/p>\n<p>[\/vc_column_text]\n<div class=\"wpcf7 no-js\" id=\"wpcf7-f4112-o1\" lang=\"fi\" dir=\"ltr\">\n<div class=\"screen-reader-response\"><p role=\"status\" aria-live=\"polite\" aria-atomic=\"true\"><\/p> <ul><\/ul><\/div>\n<form action=\"\/fi\/wp-json\/wp\/v2\/pages\/15141#wpcf7-f4112-o1\" method=\"post\" class=\"wpcf7-form init\" aria-label=\"Yhteydenottolomake\" enctype=\"multipart\/form-data\" novalidate=\"novalidate\" data-status=\"init\">\n<div style=\"display: none;\">\n<input type=\"hidden\" name=\"_wpcf7\" value=\"4112\" \/>\n<input type=\"hidden\" name=\"_wpcf7_version\" value=\"5.8.2\" \/>\n<input type=\"hidden\" name=\"_wpcf7_locale\" value=\"fi\" \/>\n<input type=\"hidden\" name=\"_wpcf7_unit_tag\" value=\"wpcf7-f4112-o1\" \/>\n<input type=\"hidden\" name=\"_wpcf7_container_post\" value=\"0\" \/>\n<input type=\"hidden\" name=\"_wpcf7_posted_data_hash\" value=\"\" \/>\n<input type=\"hidden\" name=\"_wpcf7_recaptcha_response\" value=\"\" \/>\n<\/div>\n<p><label><br \/>\n<span class=\"wpcf7-form-control-wrap\" data-name=\"your-yritys\"><input size=\"40\" class=\"wpcf7-form-control wpcf7-text wpcf7-validates-as-required\" aria-required=\"true\" aria-invalid=\"false\" placeholder=\"Yritys*\" value=\"\" type=\"text\" name=\"your-yritys\" \/><\/span> <\/label><br \/>\n<label><br \/>\n<span class=\"wpcf7-form-control-wrap\" data-name=\"your-name\"><input size=\"40\" class=\"wpcf7-form-control wpcf7-text wpcf7-validates-as-required\" aria-required=\"true\" aria-invalid=\"false\" placeholder=\"Nimi*\" value=\"\" type=\"text\" name=\"your-name\" \/><\/span> <\/label><br \/>\n<label><br \/>\n<span class=\"wpcf7-form-control-wrap\" data-name=\"your-info\"><input size=\"40\" class=\"wpcf7-form-control wpcf7-text wpcf7-validates-as-required\" aria-required=\"true\" aria-invalid=\"false\" placeholder=\"S\u00e4hk\u00f6postiosoite tai puhelinnumero*\" value=\"\" type=\"text\" name=\"your-info\" \/><\/span> <\/label><br \/>\n<label><br \/>\n<span class=\"wpcf7-form-control-wrap\" data-name=\"message\"><textarea cols=\"40\" rows=\"6\" class=\"wpcf7-form-control wpcf7-textarea\" aria-invalid=\"false\" placeholder=\"Kuvaile palvelun tarvetta...\" name=\"message\"><\/textarea><\/span> <\/label>\n<\/p>\n<p>Er\u00e4n arvioitu koko:<br \/>\n<span class=\"wpcf7-form-control-wrap\" data-name=\"eran-koko\"><select class=\"wpcf7-form-control wpcf7-select wpcf7-validates-as-required\" aria-required=\"true\" aria-invalid=\"false\" name=\"eran-koko\"><option value=\"\">&#8212;Valitse vaihtoehto&#8212;<\/option><option value=\"Proto \/ koe-er\u00e4\">Proto \/ koe-er\u00e4<\/option><option value=\"10\u2013250 kpl\">10\u2013250 kpl<\/option><option value=\"250\u20131000 kpl\">250\u20131000 kpl<\/option><option value=\"1000\u20135000 kpl\">1000\u20135000 kpl<\/option><option value=\"5000\u201310 000 kpl\">5000\u201310 000 kpl<\/option><option value=\"10 000+\">10 000+<\/option><option value=\"Jatkuva tuotanto\">Jatkuva tuotanto<\/option><\/select><\/span>\n<\/p>\n<p><label>Liit\u00e4 halutessasi mukaan luonnos tai mittakuva:<br \/>\n<span class=\"wpcf7-form-control-wrap\" data-name=\"your-file\"><input size=\"40\" class=\"wpcf7-form-control wpcf7-file\" accept=\".jpg,.jpeg,.png,.gif,.pdf,.doc,.docx,.ppt,.pptx\" aria-invalid=\"false\" type=\"file\" name=\"your-file\" \/><\/span> <\/label>\n<\/p>\n<p><input class=\"wpcf7-form-control wpcf7-submit has-spinner\" type=\"submit\" value=\"L\u00e4het\u00e4\" \/>\n<\/p><div class=\"wpcf7-response-output\" aria-hidden=\"true\"><\/div>\n<\/form>\n<\/div>\n[\/vc_column][\/vc_row]<\/p>\n","protected":false},"excerpt":{"rendered":"<p>[vc_row full_width=&#8221;stretch_row&#8221; css=&#8221;.vc_custom_1642776158494{background-color: #020202 !important;}&#8221;][vc_column][vc_column_text el_class=&#8221;kupari-teksti&#8221;] Laserhitsaus [\/vc_column_text][vc_column_text el_class=&#8221;valkoinen-teksti&#8221;] Tarkkuutta ja tehokkuutta metallikomponenttien hitsaukseen [\/vc_column_text][vc_row_inner content_placement=&#8221;middle&#8221;][vc_column_inner width=&#8221;3\/5&#8243;][vc_single_image image=&#8221;15148&#8243; img_size=&#8221;full&#8221;][\/vc_column_inner][vc_column_inner el_class=&#8221;offi-palsta&#8221; width=&#8221;2\/5&#8243; css=&#8221;.vc_custom_1643204069263{padding-top: 12% !important;padding-right: 12% !important;padding-bottom: 12% !important;padding-left: 12% !important;background-color: #b08640 !important;}&#8221;][vc_column_text el_class=&#8221;valkoinen-teksti&#8221;] Laserhitsauksella eritt\u00e4in siisti ja tarkka sauma Laserhitsaus on moderni hitsausmenetelm\u00e4, jossa lasers\u00e4de sulattaa materiaalin tarkasti rajatulla alueella. Lopputuloksena syntyy eritt\u00e4in siisti ja&hellip;<\/p>\n","protected":false},"author":1,"featured_media":0,"parent":2553,"menu_order":0,"comment_status":"closed","ping_status":"closed","template":"","meta":{"footnotes":""},"class_list":["post-15141","page","type-page","status-publish","hentry","description-off"],"yoast_head":"<!-- This site is optimized with the Yoast SEO plugin v21.4 - https:\/\/yoast.com\/wordpress\/plugins\/seo\/ -->\n<title>Laserhitsaus - Piiroinen<\/title>\n<meta name=\"robots\" content=\"index, follow, max-snippet:-1, max-image-preview:large, max-video-preview:-1\" \/>\n<link rel=\"canonical\" href=\"https:\/\/www.piiroinen.com\/fi\/alihankinta\/metallikomponentit\/laserhitsaus\/\" \/>\n<meta property=\"og:locale\" content=\"fi_FI\" \/>\n<meta property=\"og:type\" content=\"article\" \/>\n<meta property=\"og:title\" content=\"Laserhitsaus - Piiroinen\" \/>\n<meta property=\"og:description\" content=\"[vc_row full_width=&#8221;stretch_row&#8221; css=&#8221;.vc_custom_1642776158494{background-color: #020202 !important;}&#8221;][vc_column][vc_column_text el_class=&#8221;kupari-teksti&#8221;] Laserhitsaus [\/vc_column_text][vc_column_text el_class=&#8221;valkoinen-teksti&#8221;] Tarkkuutta ja tehokkuutta metallikomponenttien hitsaukseen [\/vc_column_text][vc_row_inner content_placement=&#8221;middle&#8221;][vc_column_inner width=&#8221;3\/5&#8243;][vc_single_image image=&#8221;15148&#8243; img_size=&#8221;full&#8221;][\/vc_column_inner][vc_column_inner el_class=&#8221;offi-palsta&#8221; width=&#8221;2\/5&#8243; css=&#8221;.vc_custom_1643204069263{padding-top: 12% !important;padding-right: 12% !important;padding-bottom: 12% !important;padding-left: 12% !important;background-color: #b08640 !important;}&#8221;][vc_column_text el_class=&#8221;valkoinen-teksti&#8221;] Laserhitsauksella eritt\u00e4in siisti ja tarkka sauma Laserhitsaus on moderni hitsausmenetelm\u00e4, jossa lasers\u00e4de sulattaa materiaalin tarkasti rajatulla alueella. Lopputuloksena syntyy eritt\u00e4in siisti ja&hellip;\" \/>\n<meta property=\"og:url\" content=\"https:\/\/www.piiroinen.com\/fi\/alihankinta\/metallikomponentit\/laserhitsaus\/\" \/>\n<meta property=\"og:site_name\" content=\"Piiroinen\" \/>\n<meta property=\"article:modified_time\" content=\"2025-09-26T11:30:48+00:00\" \/>\n<meta name=\"twitter:card\" content=\"summary_large_image\" \/>\n<meta name=\"twitter:label1\" content=\"Arvioitu lukuaika\" \/>\n\t<meta name=\"twitter:data1\" content=\"2 minuuttia\" \/>\n<script type=\"application\/ld+json\" class=\"yoast-schema-graph\">{\"@context\":\"https:\/\/schema.org\",\"@graph\":[{\"@type\":\"WebPage\",\"@id\":\"https:\/\/www.piiroinen.com\/fi\/alihankinta\/metallikomponentit\/laserhitsaus\/\",\"url\":\"https:\/\/www.piiroinen.com\/fi\/alihankinta\/metallikomponentit\/laserhitsaus\/\",\"name\":\"Laserhitsaus - Piiroinen\",\"isPartOf\":{\"@id\":\"https:\/\/www.piiroinen.com\/#website\"},\"datePublished\":\"2025-09-26T10:36:54+00:00\",\"dateModified\":\"2025-09-26T11:30:48+00:00\",\"breadcrumb\":{\"@id\":\"https:\/\/www.piiroinen.com\/fi\/alihankinta\/metallikomponentit\/laserhitsaus\/#breadcrumb\"},\"inLanguage\":\"fi\",\"potentialAction\":[{\"@type\":\"ReadAction\",\"target\":[\"https:\/\/www.piiroinen.com\/fi\/alihankinta\/metallikomponentit\/laserhitsaus\/\"]}]},{\"@type\":\"BreadcrumbList\",\"@id\":\"https:\/\/www.piiroinen.com\/fi\/alihankinta\/metallikomponentit\/laserhitsaus\/#breadcrumb\",\"itemListElement\":[{\"@type\":\"ListItem\",\"position\":1,\"name\":\"Home\",\"item\":\"https:\/\/www.piiroinen.com\/\"},{\"@type\":\"ListItem\",\"position\":2,\"name\":\"Alihankinta\",\"item\":\"https:\/\/www.piiroinen.com\/subcontracting\/\"},{\"@type\":\"ListItem\",\"position\":3,\"name\":\"Metallikomponentit\",\"item\":\"https:\/\/www.piiroinen.com\/fi\/alihankinta\/metallikomponentit\/\"},{\"@type\":\"ListItem\",\"position\":4,\"name\":\"Laserhitsaus\"}]},{\"@type\":\"WebSite\",\"@id\":\"https:\/\/www.piiroinen.com\/#website\",\"url\":\"https:\/\/www.piiroinen.com\/\",\"name\":\"Piiroinen\",\"description\":\"Sustainable and well-functioning furniture, venues, components and repair service\",\"potentialAction\":[{\"@type\":\"SearchAction\",\"target\":{\"@type\":\"EntryPoint\",\"urlTemplate\":\"https:\/\/www.piiroinen.com\/?s={search_term_string}\"},\"query-input\":\"required name=search_term_string\"}],\"inLanguage\":\"fi\"}]}<\/script>\n<!-- \/ Yoast SEO plugin. -->","yoast_head_json":{"title":"Laserhitsaus - Piiroinen","robots":{"index":"index","follow":"follow","max-snippet":"max-snippet:-1","max-image-preview":"max-image-preview:large","max-video-preview":"max-video-preview:-1"},"canonical":"https:\/\/www.piiroinen.com\/fi\/alihankinta\/metallikomponentit\/laserhitsaus\/","og_locale":"fi_FI","og_type":"article","og_title":"Laserhitsaus - Piiroinen","og_description":"[vc_row full_width=&#8221;stretch_row&#8221; css=&#8221;.vc_custom_1642776158494{background-color: #020202 !important;}&#8221;][vc_column][vc_column_text el_class=&#8221;kupari-teksti&#8221;] Laserhitsaus [\/vc_column_text][vc_column_text el_class=&#8221;valkoinen-teksti&#8221;] Tarkkuutta ja tehokkuutta metallikomponenttien hitsaukseen [\/vc_column_text][vc_row_inner content_placement=&#8221;middle&#8221;][vc_column_inner width=&#8221;3\/5&#8243;][vc_single_image image=&#8221;15148&#8243; img_size=&#8221;full&#8221;][\/vc_column_inner][vc_column_inner el_class=&#8221;offi-palsta&#8221; width=&#8221;2\/5&#8243; css=&#8221;.vc_custom_1643204069263{padding-top: 12% !important;padding-right: 12% !important;padding-bottom: 12% !important;padding-left: 12% !important;background-color: #b08640 !important;}&#8221;][vc_column_text el_class=&#8221;valkoinen-teksti&#8221;] Laserhitsauksella eritt\u00e4in siisti ja tarkka sauma Laserhitsaus on moderni hitsausmenetelm\u00e4, jossa lasers\u00e4de sulattaa materiaalin tarkasti rajatulla alueella. Lopputuloksena syntyy eritt\u00e4in siisti ja&hellip;","og_url":"https:\/\/www.piiroinen.com\/fi\/alihankinta\/metallikomponentit\/laserhitsaus\/","og_site_name":"Piiroinen","article_modified_time":"2025-09-26T11:30:48+00:00","twitter_card":"summary_large_image","twitter_misc":{"Arvioitu lukuaika":"2 minuuttia"},"schema":{"@context":"https:\/\/schema.org","@graph":[{"@type":"WebPage","@id":"https:\/\/www.piiroinen.com\/fi\/alihankinta\/metallikomponentit\/laserhitsaus\/","url":"https:\/\/www.piiroinen.com\/fi\/alihankinta\/metallikomponentit\/laserhitsaus\/","name":"Laserhitsaus - Piiroinen","isPartOf":{"@id":"https:\/\/www.piiroinen.com\/#website"},"datePublished":"2025-09-26T10:36:54+00:00","dateModified":"2025-09-26T11:30:48+00:00","breadcrumb":{"@id":"https:\/\/www.piiroinen.com\/fi\/alihankinta\/metallikomponentit\/laserhitsaus\/#breadcrumb"},"inLanguage":"fi","potentialAction":[{"@type":"ReadAction","target":["https:\/\/www.piiroinen.com\/fi\/alihankinta\/metallikomponentit\/laserhitsaus\/"]}]},{"@type":"BreadcrumbList","@id":"https:\/\/www.piiroinen.com\/fi\/alihankinta\/metallikomponentit\/laserhitsaus\/#breadcrumb","itemListElement":[{"@type":"ListItem","position":1,"name":"Home","item":"https:\/\/www.piiroinen.com\/"},{"@type":"ListItem","position":2,"name":"Alihankinta","item":"https:\/\/www.piiroinen.com\/subcontracting\/"},{"@type":"ListItem","position":3,"name":"Metallikomponentit","item":"https:\/\/www.piiroinen.com\/fi\/alihankinta\/metallikomponentit\/"},{"@type":"ListItem","position":4,"name":"Laserhitsaus"}]},{"@type":"WebSite","@id":"https:\/\/www.piiroinen.com\/#website","url":"https:\/\/www.piiroinen.com\/","name":"Piiroinen","description":"Sustainable and well-functioning furniture, venues, components and repair service","potentialAction":[{"@type":"SearchAction","target":{"@type":"EntryPoint","urlTemplate":"https:\/\/www.piiroinen.com\/?s={search_term_string}"},"query-input":"required name=search_term_string"}],"inLanguage":"fi"}]}},"_links":{"self":[{"href":"https:\/\/www.piiroinen.com\/fi\/wp-json\/wp\/v2\/pages\/15141","targetHints":{"allow":["GET"]}}],"collection":[{"href":"https:\/\/www.piiroinen.com\/fi\/wp-json\/wp\/v2\/pages"}],"about":[{"href":"https:\/\/www.piiroinen.com\/fi\/wp-json\/wp\/v2\/types\/page"}],"author":[{"embeddable":true,"href":"https:\/\/www.piiroinen.com\/fi\/wp-json\/wp\/v2\/users\/1"}],"replies":[{"embeddable":true,"href":"https:\/\/www.piiroinen.com\/fi\/wp-json\/wp\/v2\/comments?post=15141"}],"version-history":[{"count":7,"href":"https:\/\/www.piiroinen.com\/fi\/wp-json\/wp\/v2\/pages\/15141\/revisions"}],"predecessor-version":[{"id":15152,"href":"https:\/\/www.piiroinen.com\/fi\/wp-json\/wp\/v2\/pages\/15141\/revisions\/15152"}],"up":[{"embeddable":true,"href":"https:\/\/www.piiroinen.com\/fi\/wp-json\/wp\/v2\/pages\/2553"}],"wp:attachment":[{"href":"https:\/\/www.piiroinen.com\/fi\/wp-json\/wp\/v2\/media?parent=15141"}],"curies":[{"name":"wp","href":"https:\/\/api.w.org\/{rel}","templated":true}]}}