{"id":2086,"date":"2022-01-31T15:26:46","date_gmt":"2022-01-31T12:26:46","guid":{"rendered":"https:\/\/www.piiroinen.com\/yritys\/"},"modified":"2024-06-28T16:11:23","modified_gmt":"2024-06-28T13:11:23","slug":"yritys","status":"publish","type":"page","link":"https:\/\/www.piiroinen.com\/fi\/yritys\/","title":{"rendered":"Yritys"},"content":{"rendered":"<p>[vc_row full_width=&#8221;stretch_row&#8221; content_placement=&#8221;middle&#8221; css=&#8221;.vc_custom_1643364624629{background-color: #f1ead2 !important;}&#8221; el_id=&#8221;tarinamme&#8221;][vc_column width=&#8221;1\/6&#8243;][\/vc_column][vc_column width=&#8221;2\/3&#8243;][vc_column_text]<\/p>\n<h1>Tarinamme<\/h1>\n<p class=\"inkku\">Olemme p\u00e4\u00e4tt\u00e4neet parantaa maailmaa, jossa el\u00e4mme. Muutoksen saavuttamiseksi k\u00e4yt\u00e4mme apunamme hyv\u00e4\u00e4 suunnittelua ja uutta teknologiaa.<\/p>\n<p>[\/vc_column_text][vc_column_text]Olemme vuonna 1949 perustettu perheyritys. Pitk\u00e4 kokemuksemme antaa meille monia vahvuuksia, mutta keskitymme erityisesti tulevaisuuteen. P\u00e4\u00e4toimipaikkamme ja koko tuotantomme sijaitsee Salossa. Meit\u00e4 on noin sata sitoutunutta ammattilaista. Ty\u00f6ntekij\u00e4mme ovatkin suurin voimavaramme.<\/p>\n<blockquote><p>Yli 70 vuoden ajan olemme tehneet ja valmistaneet kaiken samojen periaatteiden mukaan. T\u00e4rkeimm\u00e4t arvomme ovat <strong>luotettavuus, vastuullisuus ja innovatiivisuus<\/strong>.<\/p><\/blockquote>\n<p>[\/vc_column_text][vc_single_image image=&#8221;2089&#8243; img_size=&#8221;large&#8221; add_caption=&#8221;yes&#8221;][vc_column_text css=&#8221;.vc_custom_1643286482177{padding-top: 2em !important;}&#8221;]<\/p>\n<h2>Rakennamme kest\u00e4v\u00e4mp\u00e4\u00e4 tulevaisuutta<\/h2>\n<p class=\"inkku\">Aiomme saavuttaa tavoitteemme keskittym\u00e4ll\u00e4 hiilijalanj\u00e4ljen pienent\u00e4miseen, kiertotalouteen ja avoimuuteen.<\/p>\n<ul class=\"inkku\">Hiilijalanj\u00e4ljen pienent\u00e4misen lis\u00e4ksi olemme t\u00e4h\u00e4n menness\u00e4 ottaneet k\u00e4ytt\u00f6\u00f6n:<\/p>\n<li>Biol\u00e4mmitysj\u00e4rjestelm\u00e4n<\/li>\n<li>Oman vedenpuhdistamon<\/li>\n<li>Ekologiset tuotantomenetelm\u00e4t<\/li>\n<li>Kierr\u00e4tysmenetelm\u00e4t<\/li>\n<\/ul>\n<p>[\/vc_column_text][vc_single_image image=&#8221;3700&#8243; img_size=&#8221;large&#8221;][vc_column_text]Valmistamme ajattomia designkalusteita, jotka ovat teknisesti ja materiaaleiltaan korkealaatuisia. Tuotannossamme yhdistyy vastuullisuus ja ymp\u00e4rist\u00f6n kunnioittaminen. Kaikki tuotteemme on valmistettu Salossa. Valmistamme my\u00f6s katsomoratkaisuja sis\u00e4- ja ulkourheiluareenoihin, auditorioihin sek\u00e4 muihin tapahtumapaikkoihin.<\/p>\n<p>Yhteisty\u00f6 arkkitehtien ja suunnittelijoiden kanssa on opettanut meit\u00e4 vastaamaan asiakkaidemme korkeisiin vaatimuksiin. Siksi tarjoamme osaamistamme alihankintapalveluina my\u00f6s muille yrityksille ja toimialoille.[\/vc_column_text]<style type=\"text\/css\" data-type=\"the7_shortcodes-inline-css\">#default-btn-4d2d6afe1ec69ccf834618328dbc68a2 {\n  border-radius: 0px;\n  font-size: 16px;\n  line-height: 18px;\n}\n.btn-shadow#default-btn-4d2d6afe1ec69ccf834618328dbc68a2 {\n  box-shadow: 0 1px 6px rgba(0,0,0,0.12);\n  transition: box-shadow 0.2s ease-out, opacity 0.45s;\n}\n.btn-shadow#default-btn-4d2d6afe1ec69ccf834618328dbc68a2:hover {\n  box-shadow: 0 5px 11px 0 rgba(0,0,0,0.18), 0 4px 15px 0 rgba(0,0,0,0.15);\n}\n.btn-3d#default-btn-4d2d6afe1ec69ccf834618328dbc68a2:hover {\n  box-shadow: 0px 2px 0px 0px #715f42;\n}\n.btn-flat#default-btn-4d2d6afe1ec69ccf834618328dbc68a2 {\n  box-shadow: none;\n}\n.btn-flat#default-btn-4d2d6afe1ec69ccf834618328dbc68a2:hover {\n  box-shadow: none;\n}\n#default-btn-4d2d6afe1ec69ccf834618328dbc68a2.ico-right-side > i {\n  margin-right: 0px;\n  margin-left: 8px;\n}\n#default-btn-4d2d6afe1ec69ccf834618328dbc68a2 > i {\n  margin-right: 8px;\n  font-size: 16px;\n}\n#default-btn-4d2d6afe1ec69ccf834618328dbc68a2:not(:hover) {\n  border-width: 2px;\n  border-color: #b08640 !important;\n  color: #b08640;\n  background: none !important;\n  padding: 16px 22px 16px 22px;\n}\n#default-btn-4d2d6afe1ec69ccf834618328dbc68a2:not(:hover) * {\n  color: #b08640;\n}\n#default-btn-4d2d6afe1ec69ccf834618328dbc68a2:hover {\n  border-width: 2px;\n  border-color: #b08640 !important;\n  color: #fefefe;\n  background: #b08640 !important;\n  padding: 16px 22px 16px 22px;\n}\n#default-btn-4d2d6afe1ec69ccf834618328dbc68a2:hover * {\n  color: #fefefe;\n}\n#default-btn-4d2d6afe1ec69ccf834618328dbc68a2.ico-right-side > i {\n  margin-right: 0px;\n  margin-left: 8px;\n}\n#default-btn-4d2d6afe1ec69ccf834618328dbc68a2 > i {\n  margin-right: 8px;\n}\n<\/style><a href=\"http:\/\/www.piiroinen.com\/fi\/vastuullisuus\/\" class=\"default-btn-shortcode dt-btn link-hover-off anchor-link btn-inline-left btn-flat \" id=\"default-btn-4d2d6afe1ec69ccf834618328dbc68a2\" title=\"Vastuullisuus\"><i class=\"icomoon-the7-font-the7-arrow-33\"><\/i><span>Lue lis\u00e4\u00e4 vastuullisuudesta<\/span><\/a>[\/vc_column][vc_column width=&#8221;1\/6&#8243;][\/vc_column][\/vc_row][vc_row full_width=&#8221;stretch_row&#8221; gap=&#8221;35&#8243;][vc_column][vc_column_text]<\/p>\n<h1 style=\"text-align: center;\">T\u00e4rkeimm\u00e4t arvomme<\/h1>\n<p class=\"inkku\" style=\"text-align: center;\">Toimintaamme ovat ohjanneet samat arvot yli 70 vuoden ajan.<\/p>\n<p>[\/vc_column_text][vc_row_inner gap=&#8221;35&#8243;][vc_column_inner width=&#8221;1\/3&#8243;][vc_column_text]<\/p>\n<h2>Luotettavuus<\/h2>\n<p><strong>Uskomme kumppani- ja asiakassuhteiden l\u00e4pin\u00e4kyvyyteen. <\/strong><\/p>\n<p>Yhteiset tavoitteet saavutetaan molemminpuolisella luottamuksella. Matala organisaatiorakenteemme mahdollistaa ja vaatii vastuullisuutta.[\/vc_column_text][\/vc_column_inner][vc_column_inner width=&#8221;1\/3&#8243;][vc_column_text]<\/p>\n<h2>Vastuullisuus<\/h2>\n<p><strong>Kest\u00e4v\u00e4 kehitys on integroitu tuotteisiimme ja palveluihimme.<\/strong><\/p>\n<p>Minimoimme haitalliset vaikutukset omassa toiminnassamme. Henkil\u00f6st\u00f6mme turvallisuus ja hyvinvointi on toiminnassamme etusijalla.[\/vc_column_text][\/vc_column_inner][vc_column_inner width=&#8221;1\/3&#8243;][vc_column_text]<\/p>\n<h2>Innovatiivisuus<\/h2>\n<p><strong>Piiroinen on innovatiivinen valmistaja ja pyrkii keksim\u00e4\u00e4n uusia ratkaisuja.<\/strong><\/p>\n<p>Uskomme sek\u00e4 yrityksen ett\u00e4 yksil\u00f6n jatkuvaan kehitt\u00e4miseen. Haluamme tehd\u00e4 ty\u00f6mme paremmin joka p\u00e4iv\u00e4.[\/vc_column_text][\/vc_column_inner][\/vc_row_inner][\/vc_column][\/vc_row][vc_row full_width=&#8221;stretch_row&#8221; gap=&#8221;35&#8243; content_placement=&#8221;top&#8221; css=&#8221;.vc_custom_1643364513279{background-color: #f1ead2 !important;}&#8221;][vc_column width=&#8221;2\/5&#8243;][vc_column_text]<\/p>\n<h1>Laatu<\/h1>\n<p>[\/vc_column_text][vc_column_text]<\/p>\n<p class=\"inkku\">Noudatamme toiminnassamme ISO 9001:2015 standardin mukaisia laatuvaatimuksia<\/p>\n<p>[\/vc_column_text][\/vc_column][vc_column width=&#8221;3\/5&#8243;][vc_column_text]<strong>Korkean ja tasaisen laadun merkitys on ratkaisevaa kaikilla liiketoiminta-alueillamme.<\/strong><\/p>\n<p>Korkean ja tasaisen laadun saavuttaminen vaatii ennenkaikkea harkittuja ja johdonmukaisia valintoja. Laatu on tulos korkeatasoisista raaka-aineista ja tarkasta valmistusprosessin seurannasta. Lopullinen laatu on kuitenkin osaavien ja kunnianhimoisten ihmisten k\u00e4siss\u00e4.<\/p>\n<p>Kaikki designkalusteemme on testattu Euroopassa ja osa my\u00f6s USA:n laatustandardien mukaisesti.<\/p>\n<p><a href=\"https:\/\/www.piiroinen.com\/fi\/iso-90012015-sertifikaatti-kertoo-toimintamme-laadusta\/\">Lue lis\u00e4\u00e4 \u00bb<\/a>[\/vc_column_text][\/vc_column][vc_column width=&#8221;2\/5&#8243;][vc_column_text]<\/p>\n<h1>Ymp\u00e4rist\u00f6<\/h1>\n<p>[\/vc_column_text][vc_column_text]<\/p>\n<p class=\"inkku\">ISO 14001:2015 -sertifikaattet on vahva merkki vastuullisuudesta<\/p>\n<p>[\/vc_column_text][\/vc_column][vc_column width=&#8221;3\/5&#8243;][vc_column_text]<strong>ISO 14001 on tunnustetuin kansainv\u00e4linen ymp\u00e4rist\u00f6j\u00e4rjestelmien standardi. Se tarjoaa puitteet, joiden avulla voimme jatkuvasti parantaa ymp\u00e4rist\u00f6nsuojelun tasoa ymp\u00e4rist\u00f6politiikkamme mukaisesti.<\/strong><\/p>\n<p>Me Piiroisella noudatamme jatkuvan parantamisen periaatetta. Haluamme olla vastuullinen toimija nyt ja tulevaisuudessa. Saavutamme korkeat tavoitteemme pyrkim\u00e4ll\u00e4 koko ajan niit\u00e4 kohti. ISO 14001 -sertifiointi tukee meit\u00e4 ymp\u00e4rist\u00f6asioiden pitk\u00e4j\u00e4nteisess\u00e4 hoidossa sek\u00e4 vastuiden ja valtuuksien selke\u00e4ss\u00e4 m\u00e4\u00e4rittelyss\u00e4. Lis\u00e4ksi kasvatamme henkil\u00f6st\u00f6mme ymp\u00e4rist\u00f6osaamista ja -tietoisuutta.[\/vc_column_text][\/vc_column][vc_column width=&#8221;2\/5&#8243;][vc_column_text]<\/p>\n<h1>Ty\u00f6terveys ja ty\u00f6turvallisuus<\/h1>\n<p>[\/vc_column_text][vc_column_text]<\/p>\n<p class=\"inkku\">ISO 45001:2018 -sertifikaatti kertoo ponnisteluistamme turvallisuuden ja hyvinvoinnin puolesta<\/p>\n<p>[\/vc_column_text][\/vc_column][vc_column width=&#8221;3\/5&#8243;][vc_column_text]<strong>Ty\u00f6terveyteen ja ty\u00f6turvallisuuteen keskittyv\u00e4 ISO 45001 on standardi, joka perustuu jatkuvan parantamisen periaatteeseen. Standardin mukaisen johtamismallin tarkoitus on ehk\u00e4ist\u00e4 terveyshaittoja, ty\u00f6per\u00e4isi\u00e4 tapaturmia ja kuolemia sek\u00e4 edist\u00e4\u00e4 ty\u00f6hyvinvointia.<\/strong><\/p>\n<p>Standardissa korostuu erityisesti johtajuus, sill\u00e4 ty\u00f6turvallisuus l\u00e4htee johdon sitoutumisesta. Ylin johtomme on vastuussa ty\u00f6hyvinvoinnista ja ty\u00f6tapaturmien ehk\u00e4isyst\u00e4, mutta my\u00f6s muulla henkil\u00f6st\u00f6ll\u00e4 on paljon painoarvoa.<\/p>\n<p>Piiroisella meit\u00e4 on noin sata sitoutunutta ammattilaista ja ty\u00f6ntekij\u00e4t ovat suurin voimavaramme. Pyrimme saamaan turvallisuutta edist\u00e4v\u00e4n toiminnan koko yrityksen asiaksi. Henkil\u00f6st\u00f6n kuunteleminen mahdollistaa aktiivisen ja jatkuvan ty\u00f6turvallisuuden kehitt\u00e4misen.[\/vc_column_text][\/vc_column][\/vc_row]<\/p>\n","protected":false},"excerpt":{"rendered":"<p>[vc_row full_width=&#8221;stretch_row&#8221; content_placement=&#8221;middle&#8221; css=&#8221;.vc_custom_1643364624629{background-color: #f1ead2 !important;}&#8221; el_id=&#8221;tarinamme&#8221;][vc_column width=&#8221;1\/6&#8243;][\/vc_column][vc_column width=&#8221;2\/3&#8243;][vc_column_text] Tarinamme Olemme p\u00e4\u00e4tt\u00e4neet parantaa maailmaa, jossa el\u00e4mme. Muutoksen saavuttamiseksi k\u00e4yt\u00e4mme apunamme hyv\u00e4\u00e4 suunnittelua ja uutta teknologiaa. [\/vc_column_text][vc_column_text]Olemme vuonna 1949 perustettu perheyritys. Pitk\u00e4 kokemuksemme antaa meille monia vahvuuksia, mutta keskitymme erityisesti tulevaisuuteen. P\u00e4\u00e4toimipaikkamme ja koko tuotantomme sijaitsee Salossa. Meit\u00e4 on noin sata sitoutunutta ammattilaista. Ty\u00f6ntekij\u00e4mme ovatkin suurin&hellip;<\/p>\n","protected":false},"author":1,"featured_media":0,"parent":0,"menu_order":0,"comment_status":"closed","ping_status":"closed","template":"","meta":{"footnotes":""},"class_list":["post-2086","page","type-page","status-publish","hentry","description-off"],"yoast_head":"<!-- This site is optimized with the Yoast SEO plugin v21.4 - https:\/\/yoast.com\/wordpress\/plugins\/seo\/ -->\n<title>Yritys - Piiroinen<\/title>\n<meta name=\"robots\" content=\"index, follow, max-snippet:-1, max-image-preview:large, max-video-preview:-1\" \/>\n<link rel=\"canonical\" href=\"https:\/\/www.piiroinen.com\/company\/\" \/>\n<meta property=\"og:locale\" content=\"fi_FI\" \/>\n<meta property=\"og:type\" content=\"article\" \/>\n<meta property=\"og:title\" content=\"Yritys - Piiroinen\" \/>\n<meta property=\"og:description\" content=\"[vc_row full_width=&#8221;stretch_row&#8221; content_placement=&#8221;middle&#8221; css=&#8221;.vc_custom_1643364624629{background-color: #f1ead2 !important;}&#8221; el_id=&#8221;tarinamme&#8221;][vc_column width=&#8221;1\/6&#8243;][\/vc_column][vc_column width=&#8221;2\/3&#8243;][vc_column_text] Tarinamme Olemme p\u00e4\u00e4tt\u00e4neet parantaa maailmaa, jossa el\u00e4mme. Muutoksen saavuttamiseksi k\u00e4yt\u00e4mme apunamme hyv\u00e4\u00e4 suunnittelua ja uutta teknologiaa. [\/vc_column_text][vc_column_text]Olemme vuonna 1949 perustettu perheyritys. Pitk\u00e4 kokemuksemme antaa meille monia vahvuuksia, mutta keskitymme erityisesti tulevaisuuteen. P\u00e4\u00e4toimipaikkamme ja koko tuotantomme sijaitsee Salossa. Meit\u00e4 on noin sata sitoutunutta ammattilaista. Ty\u00f6ntekij\u00e4mme ovatkin suurin&hellip;\" \/>\n<meta property=\"og:url\" content=\"https:\/\/www.piiroinen.com\/company\/\" \/>\n<meta property=\"og:site_name\" content=\"Piiroinen\" \/>\n<meta property=\"article:modified_time\" content=\"2024-06-28T13:11:23+00:00\" \/>\n<meta name=\"twitter:card\" content=\"summary_large_image\" \/>\n<meta name=\"twitter:label1\" content=\"Arvioitu lukuaika\" \/>\n\t<meta name=\"twitter:data1\" content=\"4 minuuttia\" \/>\n<script type=\"application\/ld+json\" class=\"yoast-schema-graph\">{\"@context\":\"https:\/\/schema.org\",\"@graph\":[{\"@type\":\"WebPage\",\"@id\":\"https:\/\/www.piiroinen.com\/company\/\",\"url\":\"https:\/\/www.piiroinen.com\/company\/\",\"name\":\"Yritys - Piiroinen\",\"isPartOf\":{\"@id\":\"https:\/\/www.piiroinen.com\/#website\"},\"datePublished\":\"2022-01-31T12:26:46+00:00\",\"dateModified\":\"2024-06-28T13:11:23+00:00\",\"breadcrumb\":{\"@id\":\"https:\/\/www.piiroinen.com\/company\/#breadcrumb\"},\"inLanguage\":\"fi\",\"potentialAction\":[{\"@type\":\"ReadAction\",\"target\":[\"https:\/\/www.piiroinen.com\/company\/\"]}]},{\"@type\":\"BreadcrumbList\",\"@id\":\"https:\/\/www.piiroinen.com\/company\/#breadcrumb\",\"itemListElement\":[{\"@type\":\"ListItem\",\"position\":1,\"name\":\"Home\",\"item\":\"https:\/\/www.piiroinen.com\/\"},{\"@type\":\"ListItem\",\"position\":2,\"name\":\"Yritys\"}]},{\"@type\":\"WebSite\",\"@id\":\"https:\/\/www.piiroinen.com\/#website\",\"url\":\"https:\/\/www.piiroinen.com\/\",\"name\":\"Piiroinen\",\"description\":\"Sustainable and well-functioning furniture, venues, components and repair service\",\"potentialAction\":[{\"@type\":\"SearchAction\",\"target\":{\"@type\":\"EntryPoint\",\"urlTemplate\":\"https:\/\/www.piiroinen.com\/?s={search_term_string}\"},\"query-input\":\"required name=search_term_string\"}],\"inLanguage\":\"fi\"}]}<\/script>\n<!-- \/ Yoast SEO plugin. -->","yoast_head_json":{"title":"Yritys - Piiroinen","robots":{"index":"index","follow":"follow","max-snippet":"max-snippet:-1","max-image-preview":"max-image-preview:large","max-video-preview":"max-video-preview:-1"},"canonical":"https:\/\/www.piiroinen.com\/company\/","og_locale":"fi_FI","og_type":"article","og_title":"Yritys - Piiroinen","og_description":"[vc_row full_width=&#8221;stretch_row&#8221; content_placement=&#8221;middle&#8221; css=&#8221;.vc_custom_1643364624629{background-color: #f1ead2 !important;}&#8221; el_id=&#8221;tarinamme&#8221;][vc_column width=&#8221;1\/6&#8243;][\/vc_column][vc_column width=&#8221;2\/3&#8243;][vc_column_text] Tarinamme Olemme p\u00e4\u00e4tt\u00e4neet parantaa maailmaa, jossa el\u00e4mme. Muutoksen saavuttamiseksi k\u00e4yt\u00e4mme apunamme hyv\u00e4\u00e4 suunnittelua ja uutta teknologiaa. [\/vc_column_text][vc_column_text]Olemme vuonna 1949 perustettu perheyritys. Pitk\u00e4 kokemuksemme antaa meille monia vahvuuksia, mutta keskitymme erityisesti tulevaisuuteen. P\u00e4\u00e4toimipaikkamme ja koko tuotantomme sijaitsee Salossa. Meit\u00e4 on noin sata sitoutunutta ammattilaista. Ty\u00f6ntekij\u00e4mme ovatkin suurin&hellip;","og_url":"https:\/\/www.piiroinen.com\/company\/","og_site_name":"Piiroinen","article_modified_time":"2024-06-28T13:11:23+00:00","twitter_card":"summary_large_image","twitter_misc":{"Arvioitu lukuaika":"4 minuuttia"},"schema":{"@context":"https:\/\/schema.org","@graph":[{"@type":"WebPage","@id":"https:\/\/www.piiroinen.com\/company\/","url":"https:\/\/www.piiroinen.com\/company\/","name":"Yritys - Piiroinen","isPartOf":{"@id":"https:\/\/www.piiroinen.com\/#website"},"datePublished":"2022-01-31T12:26:46+00:00","dateModified":"2024-06-28T13:11:23+00:00","breadcrumb":{"@id":"https:\/\/www.piiroinen.com\/company\/#breadcrumb"},"inLanguage":"fi","potentialAction":[{"@type":"ReadAction","target":["https:\/\/www.piiroinen.com\/company\/"]}]},{"@type":"BreadcrumbList","@id":"https:\/\/www.piiroinen.com\/company\/#breadcrumb","itemListElement":[{"@type":"ListItem","position":1,"name":"Home","item":"https:\/\/www.piiroinen.com\/"},{"@type":"ListItem","position":2,"name":"Yritys"}]},{"@type":"WebSite","@id":"https:\/\/www.piiroinen.com\/#website","url":"https:\/\/www.piiroinen.com\/","name":"Piiroinen","description":"Sustainable and well-functioning furniture, venues, components and repair service","potentialAction":[{"@type":"SearchAction","target":{"@type":"EntryPoint","urlTemplate":"https:\/\/www.piiroinen.com\/?s={search_term_string}"},"query-input":"required name=search_term_string"}],"inLanguage":"fi"}]}},"_links":{"self":[{"href":"https:\/\/www.piiroinen.com\/fi\/wp-json\/wp\/v2\/pages\/2086","targetHints":{"allow":["GET"]}}],"collection":[{"href":"https:\/\/www.piiroinen.com\/fi\/wp-json\/wp\/v2\/pages"}],"about":[{"href":"https:\/\/www.piiroinen.com\/fi\/wp-json\/wp\/v2\/types\/page"}],"author":[{"embeddable":true,"href":"https:\/\/www.piiroinen.com\/fi\/wp-json\/wp\/v2\/users\/1"}],"replies":[{"embeddable":true,"href":"https:\/\/www.piiroinen.com\/fi\/wp-json\/wp\/v2\/comments?post=2086"}],"version-history":[{"count":51,"href":"https:\/\/www.piiroinen.com\/fi\/wp-json\/wp\/v2\/pages\/2086\/revisions"}],"predecessor-version":[{"id":11781,"href":"https:\/\/www.piiroinen.com\/fi\/wp-json\/wp\/v2\/pages\/2086\/revisions\/11781"}],"wp:attachment":[{"href":"https:\/\/www.piiroinen.com\/fi\/wp-json\/wp\/v2\/media?parent=2086"}],"curies":[{"name":"wp","href":"https:\/\/api.w.org\/{rel}","templated":true}]}}