{"id":2154,"date":"2022-01-31T15:56:31","date_gmt":"2022-01-31T12:56:31","guid":{"rendered":"https:\/\/www.piiroinen.com\/yhteystiedot\/"},"modified":"2026-03-25T11:26:33","modified_gmt":"2026-03-25T08:26:33","slug":"yhteystiedot","status":"publish","type":"page","link":"https:\/\/www.piiroinen.com\/fi\/yhteystiedot\/","title":{"rendered":"Yhteystiedot"},"content":{"rendered":"<p>[vc_row full_width=&#8221;stretch_row&#8221; css=&#8221;.vc_custom_1641547929938{background-color: #020202 !important;}&#8221; el_class=&#8221;valkoinen-teksti&#8221;][vc_column][vc_column_text]<\/p>\n<h1 style=\"text-align: center;\">Miten voimme auttaa?<\/h1>\n<p class=\"inkku\" style=\"text-align: center; color: #b08640;\">Henkil\u00f6kohtaiset yhteystiedot l\u00f6yd\u00e4t alta.<\/p>\n<p>&nbsp;<br \/>\n[\/vc_column_text][vc_row_inner equal_height=&#8221;yes&#8221; content_placement=&#8221;middle&#8221; gap=&#8221;35&#8243; css=&#8221;.vc_custom_1643270821127{padding-top: 4em !important;}&#8221;][vc_column_inner width=&#8221;1\/2&#8243; css=&#8221;.vc_custom_1643270682481{border-top-width: 2px !important;border-right-width: 2px !important;border-bottom-width: 2px !important;border-left-width: 2px !important;padding-top: 12% !important;padding-right: 12% !important;padding-bottom: 12% !important;padding-left: 12% !important;border-left-color: #b08640 !important;border-left-style: solid !important;border-right-color: #b08640 !important;border-right-style: solid !important;border-top-color: #b08640 !important;border-top-style: solid !important;border-bottom-color: #b08640 !important;border-bottom-style: solid !important;}&#8221;][vc_column_text]<\/p>\n<h2>Piiroinen<\/h2>\n<p>&nbsp;<br \/>\n[\/vc_column_text][vc_column_text]<\/p>\n<h3>P\u00e4\u00e4konttori &amp; tehdas<\/h3>\n<p>Tehdaskatu 28, 24100 Salo<br \/>\nFINLAND<\/p>\n<p><a href=\"mailto:design@piiroinen.com\">design@piiroinen.com<\/a><br \/>\n<a href=\"tel:+3582770610\">+358 (0)2 770 610<\/a>[\/vc_column_text][vc_column_text]<\/p>\n<h4>Arvo Piiroinen Oy<\/h4>\n<p><strong>Y-tunnus:<\/strong> 0139391-8<\/p>\n<p><strong>Laskutus:<\/strong><br \/>\nNimi: Arvo Piiroinen Oy<br \/>\nVerkkolaskuosoite: 003701393918<br \/>\nOperaattoritunnus: 003721291126 (Maventa)[\/vc_column_text][vc_column_text]<\/p>\n<h4>Metalli Piiroinen Oy<\/h4>\n<p><strong>Y-tunnus:<\/strong> 0700166-3<\/p>\n<p><strong>Laskutus<\/strong><br \/>\nNimi: Metalli Piiroinen Oy<br \/>\nVerkkolaskuosoite: 003707001663<br \/>\nOperaattoritunnus: 003721291126 (Maventa)[\/vc_column_text][vc_column_text]<\/p>\n<h4>Ty\u00f6paikkahakemukset<\/h4>\n<p><a href=\"mailto:rekry@piiroinen.com\">rekry@piiroinen.com<\/a>[\/vc_column_text][\/vc_column_inner][vc_column_inner width=&#8221;1\/2&#8243; css=&#8221;.vc_custom_1643270751524{padding-top: 12% !important;padding-right: 12% !important;padding-bottom: 12% !important;padding-left: 12% !important;background-color: #b08640 !important;}&#8221;][vc_column_text]<\/p>\n<h2>Ota yhteytt\u00e4<\/h2>\n<p class=\"inkku\">Aloita l\u00e4hett\u00e4m\u00e4ll\u00e4 viesti.<\/p>\n<p>&nbsp;<br \/>\n[\/vc_column_text]\n<div class=\"wpcf7 no-js\" id=\"wpcf7-f3399-o1\" lang=\"fi\" dir=\"ltr\">\n<div class=\"screen-reader-response\"><p role=\"status\" aria-live=\"polite\" aria-atomic=\"true\"><\/p> <ul><\/ul><\/div>\n<form action=\"\/fi\/wp-json\/wp\/v2\/pages\/2154#wpcf7-f3399-o1\" method=\"post\" class=\"wpcf7-form init\" aria-label=\"Yhteydenottolomake\" novalidate=\"novalidate\" data-status=\"init\">\n<div style=\"display: none;\">\n<input type=\"hidden\" name=\"_wpcf7\" value=\"3399\" \/>\n<input type=\"hidden\" name=\"_wpcf7_version\" value=\"5.8.2\" \/>\n<input type=\"hidden\" name=\"_wpcf7_locale\" value=\"fi\" \/>\n<input type=\"hidden\" name=\"_wpcf7_unit_tag\" value=\"wpcf7-f3399-o1\" \/>\n<input type=\"hidden\" name=\"_wpcf7_container_post\" value=\"0\" \/>\n<input type=\"hidden\" name=\"_wpcf7_posted_data_hash\" value=\"\" \/>\n<input type=\"hidden\" name=\"_wpcf7_recaptcha_response\" value=\"\" \/>\n<\/div>\n<p><label><br \/>\n<span class=\"wpcf7-form-control-wrap\" data-name=\"your-name\"><input size=\"40\" class=\"wpcf7-form-control wpcf7-text wpcf7-validates-as-required\" aria-required=\"true\" aria-invalid=\"false\" placeholder=\"Nimi\" value=\"\" type=\"text\" name=\"your-name\" \/><\/span> <\/label>\n<\/p>\n<p><label><br \/>\n<span class=\"wpcf7-form-control-wrap\" data-name=\"your-contact\"><input size=\"40\" class=\"wpcf7-form-control wpcf7-text wpcf7-validates-as-required\" aria-required=\"true\" aria-invalid=\"false\" placeholder=\"S\u00e4hk\u00f6posti tai puhelinnumero\" value=\"\" type=\"text\" name=\"your-contact\" \/><\/span> <\/label>\n<\/p>\n<p><label><br \/>\n<span class=\"wpcf7-form-control-wrap\" data-name=\"your-message\"><textarea cols=\"40\" rows=\"10\" class=\"wpcf7-form-control wpcf7-textarea wpcf7-validates-as-required\" aria-required=\"true\" aria-invalid=\"false\" placeholder=\"Viesti\" name=\"your-message\"><\/textarea><\/span> <\/label>\n<\/p>\n<p><input class=\"wpcf7-form-control wpcf7-submit has-spinner\" type=\"submit\" value=\"L\u00e4het\u00e4\" \/>\n<\/p><div class=\"wpcf7-response-output\" aria-hidden=\"true\"><\/div>\n<\/form>\n<\/div>\n[\/vc_column_inner][\/vc_row_inner][vc_row_inner][vc_column_inner width=&#8221;1\/6&#8243;][\/vc_column_inner][vc_column_inner width=&#8221;2\/3&#8243;][vc_single_image image=&#8221;6807&#8243; img_size=&#8221;full&#8221; alignment=&#8221;center&#8221;][\/vc_column_inner][vc_column_inner width=&#8221;1\/6&#8243;][\/vc_column_inner][\/vc_row_inner][\/vc_column][\/vc_row][vc_row full_width=&#8221;stretch_row&#8221; el_id=&#8221;yhteystiedot&#8221;][vc_column][vc_column_text css=&#8221;.vc_custom_1643364332435{padding-bottom: 2em !important;}&#8221;]<\/p>\n<h1>Yhteystiedot<\/h1>\n<p class=\"inkku\" style=\"color: #b08640;\">Olemme valmiina auttamaan!<\/p>\n<p>&nbsp;<br \/>\n[\/vc_column_text][vc_row_inner content_placement=&#8221;top&#8221; gap=&#8221;35&#8243;][vc_column_inner width=&#8221;1\/4&#8243;][vc_column_text]<\/p>\n<h2>Myynti<\/h2>\n<p>&nbsp;<br \/>\n[\/vc_column_text][\/vc_column_inner][vc_column_inner width=&#8221;1\/4&#8243;][vc_single_image image=&#8221;2055&#8243; img_size=&#8221;medium&#8221;][vc_column_text]<\/p>\n<h3>Harold H\u00e4kkinen<\/h3>\n<p class=\"inkku\">Pintak\u00e4sittely<\/p>\n<p><a href=\"mailto:harold.hakkinen@piiroinen.com\">harold.hakkinen@piiroinen.com<\/a><br \/>\n<a href=\"tel:+358447706150\">+358 44 770 6150<\/a>[\/vc_column_text][\/vc_column_inner][vc_column_inner width=&#8221;1\/4&#8243;][vc_single_image image=&#8221;15696&#8243; img_size=&#8221;medium&#8221;][vc_column_text]<\/p>\n<h3>Arto Enckell<\/h3>\n<p class=\"inkku\">Metallikomponentit &amp; maalaus<\/p>\n<p><a href=\"mailto:arto.enckell@piiroinen.com\">arto.enckell@piiroinen.com<\/a><br \/>\n<a href=\"tel:+358447706252\">+358 44 770 6252<\/a>[\/vc_column_text][\/vc_column_inner][vc_column_inner width=&#8221;1\/4&#8243;][vc_single_image image=&#8221;14699&#8243; img_size=&#8221;medium&#8221;][vc_column_text]<\/p>\n<h3>Pasi Paakki<\/h3>\n<p class=\"inkku\">Urheiluareenat, katsomot &amp; auditoriot<\/p>\n<p><a href=\"mailto:pasi.paakki@piiroinen.com\">pasi.paakki@piiroinen.com<\/a><br \/>\n<a href=\"tel:+358408372103\">+358 40 837 2103<\/a>[\/vc_column_text][\/vc_column_inner][\/vc_row_inner][vc_row_inner content_placement=&#8221;top&#8221; gap=&#8221;35&#8243;][vc_column_inner width=&#8221;1\/4&#8243;][\/vc_column_inner][vc_column_inner width=&#8221;1\/4&#8243;][vc_single_image image=&#8221;2047&#8243; img_size=&#8221;medium&#8221;][vc_column_text]<\/p>\n<h3>Timo Kaivonen<\/h3>\n<p class=\"inkku\">Designkalusteet &amp; elinkaari\u00adpalvelut<\/p>\n<p><a href=\"mailto:timo.kaivonen@piiroinen.com\">timo.kaivonen@piiroinen.com<\/a><br \/>\n<a href=\"tel:+358443362995\">+358 44 336 2995<\/a>[\/vc_column_text][\/vc_column_inner][vc_column_inner width=&#8221;1\/4&#8243;][vc_single_image image=&#8221;6789&#8243; img_size=&#8221;medium&#8221;][vc_column_text]<\/p>\n<h3>Juho Nieminen<\/h3>\n<p class=\"inkku\">Designkalusteet, auditoriot &amp; elinkaari\u00adpalvelut<\/p>\n<p><a href=\"mailto:juho.nieminen@piiroinen.com\">juho.nieminen@piiroinen.com<\/a><br \/>\n<a href=\"tel:+358442442358\">+358 44 244 2358<\/a>[\/vc_column_text][\/vc_column_inner][vc_column_inner width=&#8221;1\/4&#8243;][vc_single_image image=&#8221;7030&#8243; img_size=&#8221;medium&#8221;][vc_column_text]<\/p>\n<h3>Anna Laitala<\/h3>\n<p class=\"inkku\">Designkalusteet &amp; elinkaari\u00adpalvelut<\/p>\n<p><a href=\"mailto:anna.laitala@piiroinen.com\">anna.laitala@piiroinen.com<\/a><br \/>\n<a href=\"tel:+358444938866\">+358 44 493 8866<\/a>[\/vc_column_text][\/vc_column_inner][\/vc_row_inner][vc_row_inner content_placement=&#8221;top&#8221; gap=&#8221;35&#8243;][vc_column_inner width=&#8221;1\/4&#8243;][vc_column_text]<\/p>\n<h2>Tuotanto<\/h2>\n<p>&nbsp;<br \/>\n[\/vc_column_text][\/vc_column_inner][vc_column_inner width=&#8221;1\/4&#8243;][vc_single_image image=&#8221;2054&#8243; img_size=&#8221;medium&#8221;][vc_column_text]<\/p>\n<h3>Matti Makkonen<\/h3>\n<p class=\"inkku\">Pintak\u00e4sittely<\/p>\n<p><a href=\"mailto:matti.makkonen@piiroinen.com\">matti.makkonen@piiroinen.com<\/a><br \/>\n<a href=\"tel:+358447706303\">+358 44 770 6303<\/a>[\/vc_column_text][\/vc_column_inner][vc_column_inner width=&#8221;1\/4&#8243;][vc_single_image image=&#8221;2046&#8243; img_size=&#8221;medium&#8221;][vc_column_text]<\/p>\n<h3>Timo Karlsson<\/h3>\n<p class=\"inkku\">Metallikomponentit<\/p>\n<p><a href=\"mailto:timo.karlsson@piiroinen.com\">timo.karlsson@piiroinen.com<\/a><br \/>\n<a href=\"tel:+358447706248\">+358 44 770 6248<\/a>[\/vc_column_text][\/vc_column_inner][vc_column_inner width=&#8221;1\/4&#8243;][vc_single_image image=&#8221;2058&#8243; img_size=&#8221;medium&#8221;][vc_column_text]<\/p>\n<h3>Ari Nisukangas<\/h3>\n<p class=\"inkku\">Hitsaus &amp; hionta<\/p>\n<p><a href=\"mailto:ari.nisukangas@piiroinen.com\">ari.nisukangas@piiroinen.com<\/a><br \/>\n<a href=\"tel:+358447706255\">+358 44 770 6255<\/a>[\/vc_column_text][\/vc_column_inner][\/vc_row_inner][vc_row_inner content_placement=&#8221;top&#8221; gap=&#8221;35&#8243;][vc_column_inner width=&#8221;1\/4&#8243;][\/vc_column_inner][vc_column_inner width=&#8221;1\/4&#8243;][vc_single_image image=&#8221;6791&#8243; img_size=&#8221;medium&#8221;][vc_column_text]<\/p>\n<h3>Minna Halminen<\/h3>\n<p class=\"inkku\">Kalusteet<\/p>\n<p><a href=\"mailto:minna.halminen@piiroinen.com\">minna.halminen@piiroinen.com<\/a><br \/>\n<a href=\"tel:+358447706253\">+358 44 770 6253<\/a>[\/vc_column_text][\/vc_column_inner][vc_column_inner width=&#8221;1\/4&#8243;][vc_single_image image=&#8221;12019&#8243; img_size=&#8221;medium&#8221;][vc_column_text]<\/p>\n<h3>Niko Viljanen<\/h3>\n<p class=\"inkku\">Maalaamo<\/p>\n<p><a href=\"mailto:niko.viljanen@piiroinen.com\">niko.viljanen@piiroinen.com<\/a><br \/>\n<a href=\"tel:+358447706113\">+358 44 770 6113<\/a>[\/vc_column_text][\/vc_column_inner][vc_column_inner width=&#8221;1\/4&#8243;][vc_single_image image=&#8221;2048&#8243; img_size=&#8221;medium&#8221;][vc_column_text]<\/p>\n<h3>Tero Salmela<\/h3>\n<p class=\"inkku\">Muotopuristeet<\/p>\n<p><a href=\"mailto:tero.salmela@piiroinen.com\">tero.salmela@piiroinen.com<\/a><br \/>\n<a href=\"tel:+358447706260\">+358 44 770 6260<\/a>[\/vc_column_text][\/vc_column_inner][\/vc_row_inner][vc_row_inner content_placement=&#8221;top&#8221; gap=&#8221;35&#8243;][vc_column_inner width=&#8221;1\/4&#8243;][\/vc_column_inner][vc_column_inner width=&#8221;1\/4&#8243;][vc_single_image image=&#8221;2049&#8243; img_size=&#8221;medium&#8221;][vc_column_text]<\/p>\n<h3>Taneli Tamminen<\/h3>\n<p class=\"inkku\">Huolto &amp; asennus<\/p>\n<p><a href=\"mailto:taneli.tamminen@piiroinen.com\">taneli.tamminen@piiroinen.com<\/a><br \/>\n<a href=\"tel:+358447706281\">+358 44 770 6281<\/a>[\/vc_column_text][\/vc_column_inner][vc_column_inner width=&#8221;1\/4&#8243;][\/vc_column_inner][vc_column_inner width=&#8221;1\/4&#8243;][\/vc_column_inner][\/vc_row_inner][vc_row_inner content_placement=&#8221;top&#8221; gap=&#8221;35&#8243;][vc_column_inner width=&#8221;1\/4&#8243;][vc_column_text]<\/p>\n<h2>Johto<\/h2>\n<p>&nbsp;<br \/>\n[\/vc_column_text][\/vc_column_inner][vc_column_inner width=&#8221;1\/4&#8243;][vc_single_image image=&#8221;2051&#8243; img_size=&#8221;medium&#8221;][vc_column_text]<\/p>\n<h3>Risto Piiroinen<\/h3>\n<p class=\"inkku\">Toimitusjohtaja &amp; hallituksen puheenjohtaja<\/p>\n<p><a href=\"mailto:risto.piiroinen@piiroinen.com\">risto.piiroinen@piiroinen.com<\/a><br \/>\n<a href=\"tel:+358445172392\">+358 44 517 2392<\/a>[\/vc_column_text][\/vc_column_inner][vc_column_inner width=&#8221;1\/4&#8243;][vc_single_image image=&#8221;2050&#8243; img_size=&#8221;medium&#8221;][vc_column_text]<\/p>\n<h3>Seppo Korhonen<\/h3>\n<p class=\"inkku\">Tuotantojohtaja<\/p>\n<p><a href=\"mailto:seppo.korhonen@piiroinen.com\">seppo.korhonen@piiroinen.com<\/a><br \/>\n<a href=\"tel:+358407466779\">+358 40 746 6779<\/a>[\/vc_column_text][\/vc_column_inner][vc_column_inner width=&#8221;1\/4&#8243;][\/vc_column_inner][\/vc_row_inner][\/vc_column][\/vc_row]<\/p>\n","protected":false},"excerpt":{"rendered":"<p>[vc_row full_width=&#8221;stretch_row&#8221; css=&#8221;.vc_custom_1641547929938{background-color: #020202 !important;}&#8221; el_class=&#8221;valkoinen-teksti&#8221;][vc_column][vc_column_text] Miten voimme auttaa? Henkil\u00f6kohtaiset yhteystiedot l\u00f6yd\u00e4t alta. &nbsp; [\/vc_column_text][vc_row_inner equal_height=&#8221;yes&#8221; content_placement=&#8221;middle&#8221; gap=&#8221;35&#8243; css=&#8221;.vc_custom_1643270821127{padding-top: 4em !important;}&#8221;][vc_column_inner width=&#8221;1\/2&#8243; css=&#8221;.vc_custom_1643270682481{border-top-width: 2px !important;border-right-width: 2px !important;border-bottom-width: 2px !important;border-left-width: 2px !important;padding-top: 12% !important;padding-right: 12% !important;padding-bottom: 12% !important;padding-left: 12% !important;border-left-color: #b08640 !important;border-left-style: solid !important;border-right-color: #b08640 !important;border-right-style: solid !important;border-top-color: #b08640 !important;border-top-style: solid !important;border-bottom-color: #b08640 !important;border-bottom-style: solid !important;}&#8221;][vc_column_text]&hellip;<\/p>\n","protected":false},"author":1,"featured_media":0,"parent":0,"menu_order":0,"comment_status":"closed","ping_status":"closed","template":"","meta":{"footnotes":""},"class_list":["post-2154","page","type-page","status-publish","hentry","description-off"],"yoast_head":"<!-- This site is optimized with the Yoast SEO plugin v21.4 - https:\/\/yoast.com\/wordpress\/plugins\/seo\/ -->\n<title>Yhteystiedot - Piiroinen<\/title>\n<meta name=\"robots\" content=\"index, follow, max-snippet:-1, max-image-preview:large, max-video-preview:-1\" \/>\n<link rel=\"canonical\" href=\"https:\/\/www.piiroinen.com\/contacts\/\" \/>\n<meta property=\"og:locale\" content=\"fi_FI\" \/>\n<meta property=\"og:type\" content=\"article\" \/>\n<meta property=\"og:title\" content=\"Yhteystiedot - Piiroinen\" \/>\n<meta property=\"og:description\" content=\"[vc_row full_width=&#8221;stretch_row&#8221; css=&#8221;.vc_custom_1641547929938{background-color: #020202 !important;}&#8221; el_class=&#8221;valkoinen-teksti&#8221;][vc_column][vc_column_text] Miten voimme auttaa? Henkil\u00f6kohtaiset yhteystiedot l\u00f6yd\u00e4t alta. &nbsp; [\/vc_column_text][vc_row_inner equal_height=&#8221;yes&#8221; content_placement=&#8221;middle&#8221; gap=&#8221;35&#8243; css=&#8221;.vc_custom_1643270821127{padding-top: 4em !important;}&#8221;][vc_column_inner width=&#8221;1\/2&#8243; css=&#8221;.vc_custom_1643270682481{border-top-width: 2px !important;border-right-width: 2px !important;border-bottom-width: 2px !important;border-left-width: 2px !important;padding-top: 12% !important;padding-right: 12% !important;padding-bottom: 12% !important;padding-left: 12% !important;border-left-color: #b08640 !important;border-left-style: solid !important;border-right-color: #b08640 !important;border-right-style: solid !important;border-top-color: #b08640 !important;border-top-style: solid !important;border-bottom-color: #b08640 !important;border-bottom-style: solid !important;}&#8221;][vc_column_text]&hellip;\" \/>\n<meta property=\"og:url\" content=\"https:\/\/www.piiroinen.com\/contacts\/\" \/>\n<meta property=\"og:site_name\" content=\"Piiroinen\" \/>\n<meta property=\"article:modified_time\" content=\"2026-03-25T08:26:33+00:00\" \/>\n<meta name=\"twitter:card\" content=\"summary_large_image\" \/>\n<meta name=\"twitter:label1\" content=\"Arvioitu lukuaika\" \/>\n\t<meta name=\"twitter:data1\" content=\"2 minuuttia\" \/>\n<script type=\"application\/ld+json\" class=\"yoast-schema-graph\">{\"@context\":\"https:\/\/schema.org\",\"@graph\":[{\"@type\":\"WebPage\",\"@id\":\"https:\/\/www.piiroinen.com\/contacts\/\",\"url\":\"https:\/\/www.piiroinen.com\/contacts\/\",\"name\":\"Yhteystiedot - Piiroinen\",\"isPartOf\":{\"@id\":\"https:\/\/www.piiroinen.com\/#website\"},\"datePublished\":\"2022-01-31T12:56:31+00:00\",\"dateModified\":\"2026-03-25T08:26:33+00:00\",\"breadcrumb\":{\"@id\":\"https:\/\/www.piiroinen.com\/contacts\/#breadcrumb\"},\"inLanguage\":\"fi\",\"potentialAction\":[{\"@type\":\"ReadAction\",\"target\":[\"https:\/\/www.piiroinen.com\/contacts\/\"]}]},{\"@type\":\"BreadcrumbList\",\"@id\":\"https:\/\/www.piiroinen.com\/contacts\/#breadcrumb\",\"itemListElement\":[{\"@type\":\"ListItem\",\"position\":1,\"name\":\"Home\",\"item\":\"https:\/\/www.piiroinen.com\/\"},{\"@type\":\"ListItem\",\"position\":2,\"name\":\"Yhteystiedot\"}]},{\"@type\":\"WebSite\",\"@id\":\"https:\/\/www.piiroinen.com\/#website\",\"url\":\"https:\/\/www.piiroinen.com\/\",\"name\":\"Piiroinen\",\"description\":\"Sustainable and well-functioning furniture, venues, components and repair service\",\"potentialAction\":[{\"@type\":\"SearchAction\",\"target\":{\"@type\":\"EntryPoint\",\"urlTemplate\":\"https:\/\/www.piiroinen.com\/?s={search_term_string}\"},\"query-input\":\"required name=search_term_string\"}],\"inLanguage\":\"fi\"}]}<\/script>\n<!-- \/ Yoast SEO plugin. -->","yoast_head_json":{"title":"Yhteystiedot - Piiroinen","robots":{"index":"index","follow":"follow","max-snippet":"max-snippet:-1","max-image-preview":"max-image-preview:large","max-video-preview":"max-video-preview:-1"},"canonical":"https:\/\/www.piiroinen.com\/contacts\/","og_locale":"fi_FI","og_type":"article","og_title":"Yhteystiedot - Piiroinen","og_description":"[vc_row full_width=&#8221;stretch_row&#8221; css=&#8221;.vc_custom_1641547929938{background-color: #020202 !important;}&#8221; el_class=&#8221;valkoinen-teksti&#8221;][vc_column][vc_column_text] Miten voimme auttaa? Henkil\u00f6kohtaiset yhteystiedot l\u00f6yd\u00e4t alta. &nbsp; [\/vc_column_text][vc_row_inner equal_height=&#8221;yes&#8221; content_placement=&#8221;middle&#8221; gap=&#8221;35&#8243; css=&#8221;.vc_custom_1643270821127{padding-top: 4em !important;}&#8221;][vc_column_inner width=&#8221;1\/2&#8243; css=&#8221;.vc_custom_1643270682481{border-top-width: 2px !important;border-right-width: 2px !important;border-bottom-width: 2px !important;border-left-width: 2px !important;padding-top: 12% !important;padding-right: 12% !important;padding-bottom: 12% !important;padding-left: 12% !important;border-left-color: #b08640 !important;border-left-style: solid !important;border-right-color: #b08640 !important;border-right-style: solid !important;border-top-color: #b08640 !important;border-top-style: solid !important;border-bottom-color: #b08640 !important;border-bottom-style: solid !important;}&#8221;][vc_column_text]&hellip;","og_url":"https:\/\/www.piiroinen.com\/contacts\/","og_site_name":"Piiroinen","article_modified_time":"2026-03-25T08:26:33+00:00","twitter_card":"summary_large_image","twitter_misc":{"Arvioitu lukuaika":"2 minuuttia"},"schema":{"@context":"https:\/\/schema.org","@graph":[{"@type":"WebPage","@id":"https:\/\/www.piiroinen.com\/contacts\/","url":"https:\/\/www.piiroinen.com\/contacts\/","name":"Yhteystiedot - Piiroinen","isPartOf":{"@id":"https:\/\/www.piiroinen.com\/#website"},"datePublished":"2022-01-31T12:56:31+00:00","dateModified":"2026-03-25T08:26:33+00:00","breadcrumb":{"@id":"https:\/\/www.piiroinen.com\/contacts\/#breadcrumb"},"inLanguage":"fi","potentialAction":[{"@type":"ReadAction","target":["https:\/\/www.piiroinen.com\/contacts\/"]}]},{"@type":"BreadcrumbList","@id":"https:\/\/www.piiroinen.com\/contacts\/#breadcrumb","itemListElement":[{"@type":"ListItem","position":1,"name":"Home","item":"https:\/\/www.piiroinen.com\/"},{"@type":"ListItem","position":2,"name":"Yhteystiedot"}]},{"@type":"WebSite","@id":"https:\/\/www.piiroinen.com\/#website","url":"https:\/\/www.piiroinen.com\/","name":"Piiroinen","description":"Sustainable and well-functioning furniture, venues, components and repair service","potentialAction":[{"@type":"SearchAction","target":{"@type":"EntryPoint","urlTemplate":"https:\/\/www.piiroinen.com\/?s={search_term_string}"},"query-input":"required name=search_term_string"}],"inLanguage":"fi"}]}},"_links":{"self":[{"href":"https:\/\/www.piiroinen.com\/fi\/wp-json\/wp\/v2\/pages\/2154","targetHints":{"allow":["GET"]}}],"collection":[{"href":"https:\/\/www.piiroinen.com\/fi\/wp-json\/wp\/v2\/pages"}],"about":[{"href":"https:\/\/www.piiroinen.com\/fi\/wp-json\/wp\/v2\/types\/page"}],"author":[{"embeddable":true,"href":"https:\/\/www.piiroinen.com\/fi\/wp-json\/wp\/v2\/users\/1"}],"replies":[{"embeddable":true,"href":"https:\/\/www.piiroinen.com\/fi\/wp-json\/wp\/v2\/comments?post=2154"}],"version-history":[{"count":120,"href":"https:\/\/www.piiroinen.com\/fi\/wp-json\/wp\/v2\/pages\/2154\/revisions"}],"predecessor-version":[{"id":15700,"href":"https:\/\/www.piiroinen.com\/fi\/wp-json\/wp\/v2\/pages\/2154\/revisions\/15700"}],"wp:attachment":[{"href":"https:\/\/www.piiroinen.com\/fi\/wp-json\/wp\/v2\/media?parent=2154"}],"curies":[{"name":"wp","href":"https:\/\/api.w.org\/{rel}","templated":true}]}}