{"id":2516,"date":"2022-02-01T15:58:55","date_gmt":"2022-02-01T12:58:55","guid":{"rendered":"https:\/\/www.piiroinen.com\/alihankinta\/kokoonpano\/"},"modified":"2025-11-03T10:56:50","modified_gmt":"2025-11-03T07:56:50","slug":"kokoonpano","status":"publish","type":"page","link":"https:\/\/www.piiroinen.com\/fi\/alihankinta\/kokoonpano\/","title":{"rendered":"Kokoonpano"},"content":{"rendered":"<p>[vc_row full_width=&#8221;stretch_row&#8221; css=&#8221;.vc_custom_1642776158494{background-color: #020202 !important;}&#8221;][vc_column][vc_column_text el_class=&#8221;kupari-teksti&#8221;]<\/p>\n<h1 style=\"text-align: center;\">Kokoonpano<\/h1>\n<p>[\/vc_column_text][vc_column_text el_class=&#8221;valkoinen-teksti&#8221;]<\/p>\n<p class=\"inkku\" style=\"text-align: center;\">Valmistus, kokoonpano ja pakkaus &#8211; kaikki samasta osoitteesta<\/p>\n<p>[\/vc_column_text][vc_row_inner content_placement=&#8221;middle&#8221;][vc_column_inner width=&#8221;3\/5&#8243;][vc_single_image image=&#8221;2390&#8243; img_size=&#8221;full&#8221;][\/vc_column_inner][vc_column_inner el_class=&#8221;offi-palsta&#8221; width=&#8221;2\/5&#8243; css=&#8221;.vc_custom_1643030348655{padding-top: 12% !important;padding-right: 12% !important;padding-bottom: 12% !important;padding-left: 12% !important;background-color: #b08640 !important;}&#8221;][vc_column_text el_class=&#8221;valkoinen-teksti&#8221;]<\/p>\n<h2>Valmistuksesta pakkaamiseen<\/h2>\n<p>Kokenut kokoonpano-osastomme hoitaa kaiken huonekalujen kokoonpanosta monimutkaisimpiin tuotteisiin.<\/p>\n<p>Kattavan palvelun varmistamiseksi tarjoamme my\u00f6s pakkauspalveluita kaikille valmistamillemme tuotteille.[\/vc_column_text][\/vc_column_inner][\/vc_row_inner][\/vc_column][\/vc_row][vc_row full_width=&#8221;stretch_row&#8221; content_placement=&#8221;middle&#8221; el_class=&#8221;valkoinen-teksti&#8221; css=&#8221;.vc_custom_1662379497453{background-color: #b08640 !important;}&#8221;][vc_column][vc_column_text el_class=&#8221;kapea-palsta&#8221;]<\/p>\n<h2 style=\"text-align: center;\">Sopimusvalmistusta komponenteista kokoonpanoon<\/h2>\n<p class=\"inkku\" style=\"text-align: center;\">Tarjoamme laajan valikoiman erilaisia sopimusvalmistuspalveluja suunnittelusta kokoonpanoon: <a style=\"color: #202020;\" href=\"https:\/\/www.piiroinen.com\/fi\/alihankinta\/pintakasittely\/\">pintak\u00e4sittely<\/a>, <a style=\"color: #202020;\" href=\"https:\/\/www.piiroinen.com\/fi\/alihankinta\/metallikomponentit\/\">metallikomponentit<\/a>, <a style=\"color: #202020;\" href=\"https:\/\/www.piiroinen.com\/fi\/alihankinta\/muotopuristus\/\">muotopuristus<\/a>\u00a0ja <a style=\"color: #202020;\" href=\"https:\/\/www.piiroinen.com\/fi\/alihankinta\/verhoilu\/\">verhoilu<\/a>.<\/p>\n<p>[\/vc_column_text][\/vc_column][\/vc_row][vc_row full_width=&#8221;stretch_row&#8221; gap=&#8221;35&#8243; equal_height=&#8221;yes&#8221; content_placement=&#8221;middle&#8221; css=&#8221;.vc_custom_1643012457957{background-color: #e9ecee !important;}&#8221;][vc_column][vc_column_text css=&#8221;.vc_custom_1643375151009{padding-bottom: 2em !important;}&#8221;]<\/p>\n<h1 style=\"text-align: center;\">Yhteydenotto<\/h1>\n<p class=\"inkku\" style=\"text-align: center;\">Kysy lis\u00e4\u00e4 kokoonpano- ja pakkauspalveluista<\/p>\n<p>[\/vc_column_text][\/vc_column][vc_column width=&#8221;1\/2&#8243; css=&#8221;.vc_custom_1640073767143{border-top-width: 2px !important;border-right-width: 2px !important;border-bottom-width: 2px !important;border-left-width: 2px !important;padding-top: 12% !important;padding-right: 12% !important;padding-bottom: 12% !important;padding-left: 12% !important;border-left-color: #b08640 !important;border-left-style: solid !important;border-right-color: #b08640 !important;border-right-style: solid !important;border-top-color: #b08640 !important;border-top-style: solid !important;border-bottom-color: #b08640 !important;border-bottom-style: solid !important;}&#8221;][vc_column_text css=&#8221;.vc_custom_1642669319843{padding-bottom: 2em !important;}&#8221;]<\/p>\n<h2>Kysy lis\u00e4\u00e4<\/h2>\n<p class=\"inkku\">Kysy lis\u00e4\u00e4 asiantuntijoiltamme<\/p>\n<p>[\/vc_column_text][vc_row_inner equal_height=&#8221;yes&#8221; content_placement=&#8221;middle&#8221; gap=&#8221;20&#8243; css=&#8221;.vc_custom_1640165080648{padding-top: 0em !important;padding-bottom: 0em !important;}&#8221;][vc_column_inner width=&#8221;1\/2&#8243;][vc_single_image image=&#8221;2055&#8243; img_size=&#8221;large&#8221;][\/vc_column_inner][vc_column_inner width=&#8221;1\/2&#8243;][vc_column_text]<\/p>\n<h4>Harold H\u00e4kkinen<\/h4>\n<p><strong>Liiketoimintajohtaja<\/strong><br \/>\nAlihankinta<\/p>\n<p><a href=\"tel:+358447706150\">+358 44 770 6150<\/a><br \/>\n<a href=\"mailto:harold.hakkinen@piiroinen.com\">harold.hakkinen@piiroinen.com<\/a>[\/vc_column_text][\/vc_column_inner][\/vc_row_inner][\/vc_column][vc_column width=&#8221;1\/2&#8243; css=&#8221;.vc_custom_1640073774007{padding-top: 12% !important;padding-right: 12% !important;padding-bottom: 12% !important;padding-left: 12% !important;background-color: #b08640 !important;}&#8221; el_class=&#8221;valkoinen-teksti&#8221;][vc_column_text]<\/p>\n<h2>Ota yhteytt\u00e4<\/h2>\n<p class=\"inkku\">Aloita j\u00e4tt\u00e4m\u00e4ll\u00e4 yhteystietosi<\/p>\n<p>[\/vc_column_text]\n<div class=\"wpcf7 no-js\" id=\"wpcf7-f3427-o1\" lang=\"fi\" dir=\"ltr\">\n<div class=\"screen-reader-response\"><p role=\"status\" aria-live=\"polite\" aria-atomic=\"true\"><\/p> <ul><\/ul><\/div>\n<form action=\"\/fi\/wp-json\/wp\/v2\/pages\/2516#wpcf7-f3427-o1\" method=\"post\" class=\"wpcf7-form init\" aria-label=\"Yhteydenottolomake\" novalidate=\"novalidate\" data-status=\"init\">\n<div style=\"display: none;\">\n<input type=\"hidden\" name=\"_wpcf7\" value=\"3427\" \/>\n<input type=\"hidden\" name=\"_wpcf7_version\" value=\"5.8.2\" \/>\n<input type=\"hidden\" name=\"_wpcf7_locale\" value=\"fi\" \/>\n<input type=\"hidden\" name=\"_wpcf7_unit_tag\" value=\"wpcf7-f3427-o1\" \/>\n<input type=\"hidden\" name=\"_wpcf7_container_post\" value=\"0\" \/>\n<input type=\"hidden\" name=\"_wpcf7_posted_data_hash\" value=\"\" \/>\n<input type=\"hidden\" name=\"_wpcf7_recaptcha_response\" value=\"\" \/>\n<\/div>\n<p><label><br \/>\n<span class=\"wpcf7-form-control-wrap\" data-name=\"your-info\"><input size=\"40\" class=\"wpcf7-form-control wpcf7-text wpcf7-validates-as-required\" aria-required=\"true\" aria-invalid=\"false\" placeholder=\"S\u00e4hk\u00f6postiosoite tai puhelinnumero\" value=\"\" type=\"text\" name=\"your-info\" \/><\/span> <\/label>\n<\/p>\n<p><input class=\"wpcf7-form-control wpcf7-submit has-spinner\" type=\"submit\" value=\"L\u00e4het\u00e4\" \/>\n<\/p><div class=\"wpcf7-response-output\" aria-hidden=\"true\"><\/div>\n<\/form>\n<\/div>\n[\/vc_column][\/vc_row]<\/p>\n","protected":false},"excerpt":{"rendered":"<p>[vc_row full_width=&#8221;stretch_row&#8221; css=&#8221;.vc_custom_1642776158494{background-color: #020202 !important;}&#8221;][vc_column][vc_column_text el_class=&#8221;kupari-teksti&#8221;] Kokoonpano [\/vc_column_text][vc_column_text el_class=&#8221;valkoinen-teksti&#8221;] Valmistus, kokoonpano ja pakkaus &#8211; kaikki samasta osoitteesta [\/vc_column_text][vc_row_inner content_placement=&#8221;middle&#8221;][vc_column_inner width=&#8221;3\/5&#8243;][vc_single_image image=&#8221;2390&#8243; img_size=&#8221;full&#8221;][\/vc_column_inner][vc_column_inner el_class=&#8221;offi-palsta&#8221; width=&#8221;2\/5&#8243; css=&#8221;.vc_custom_1643030348655{padding-top: 12% !important;padding-right: 12% !important;padding-bottom: 12% !important;padding-left: 12% !important;background-color: #b08640 !important;}&#8221;][vc_column_text el_class=&#8221;valkoinen-teksti&#8221;] Valmistuksesta pakkaamiseen Kokenut kokoonpano-osastomme hoitaa kaiken huonekalujen kokoonpanosta monimutkaisimpiin tuotteisiin. Kattavan palvelun varmistamiseksi tarjoamme my\u00f6s pakkauspalveluita kaikille valmistamillemme tuotteille.[\/vc_column_text][\/vc_column_inner][\/vc_row_inner][\/vc_column][\/vc_row][vc_row&hellip;<\/p>\n","protected":false},"author":2,"featured_media":2390,"parent":2387,"menu_order":0,"comment_status":"closed","ping_status":"closed","template":"","meta":{"footnotes":""},"class_list":["post-2516","page","type-page","status-publish","has-post-thumbnail","hentry","description-off"],"yoast_head":"<!-- This site is optimized with the Yoast SEO plugin v21.4 - https:\/\/yoast.com\/wordpress\/plugins\/seo\/ -->\n<title>Kokoonpano - Piiroinen<\/title>\n<meta name=\"description\" content=\"Valmistus, kokoonpano ja pakkaus \u2013 kaikki samasta osoitteesta. Hoidamme kaiken huonekalujen kokoonpanosta monimutkaisimpiin tuotteisiin.\" \/>\n<meta name=\"robots\" content=\"index, follow, max-snippet:-1, max-image-preview:large, max-video-preview:-1\" \/>\n<link rel=\"canonical\" href=\"https:\/\/www.piiroinen.com\/subcontracting\/assembly\/\" \/>\n<meta property=\"og:locale\" content=\"fi_FI\" \/>\n<meta property=\"og:type\" content=\"article\" \/>\n<meta property=\"og:title\" content=\"Kokoonpano - Piiroinen\" \/>\n<meta property=\"og:description\" content=\"Valmistus, kokoonpano ja pakkaus \u2013 kaikki samasta osoitteesta. Hoidamme kaiken huonekalujen kokoonpanosta monimutkaisimpiin tuotteisiin.\" \/>\n<meta property=\"og:url\" content=\"https:\/\/www.piiroinen.com\/subcontracting\/assembly\/\" \/>\n<meta property=\"og:site_name\" content=\"Piiroinen\" \/>\n<meta property=\"article:modified_time\" content=\"2025-11-03T07:56:50+00:00\" \/>\n<meta property=\"og:image\" content=\"https:\/\/www.piiroinen.com\/wp-content\/uploads\/Piiroinen-assembly.jpg\" \/>\n\t<meta property=\"og:image:width\" content=\"1200\" \/>\n\t<meta property=\"og:image:height\" content=\"1200\" \/>\n\t<meta property=\"og:image:type\" content=\"image\/jpeg\" \/>\n<meta name=\"twitter:card\" content=\"summary_large_image\" \/>\n<meta name=\"twitter:label1\" content=\"Arvioitu lukuaika\" \/>\n\t<meta name=\"twitter:data1\" content=\"1 minuutti\" \/>\n<script type=\"application\/ld+json\" class=\"yoast-schema-graph\">{\"@context\":\"https:\/\/schema.org\",\"@graph\":[{\"@type\":\"WebPage\",\"@id\":\"https:\/\/www.piiroinen.com\/subcontracting\/assembly\/\",\"url\":\"https:\/\/www.piiroinen.com\/subcontracting\/assembly\/\",\"name\":\"Kokoonpano - Piiroinen\",\"isPartOf\":{\"@id\":\"https:\/\/www.piiroinen.com\/#website\"},\"datePublished\":\"2022-02-01T12:58:55+00:00\",\"dateModified\":\"2025-11-03T07:56:50+00:00\",\"description\":\"Valmistus, kokoonpano ja pakkaus \u2013 kaikki samasta osoitteesta. Hoidamme kaiken huonekalujen kokoonpanosta monimutkaisimpiin tuotteisiin.\",\"breadcrumb\":{\"@id\":\"https:\/\/www.piiroinen.com\/subcontracting\/assembly\/#breadcrumb\"},\"inLanguage\":\"fi\",\"potentialAction\":[{\"@type\":\"ReadAction\",\"target\":[\"https:\/\/www.piiroinen.com\/subcontracting\/assembly\/\"]}]},{\"@type\":\"BreadcrumbList\",\"@id\":\"https:\/\/www.piiroinen.com\/subcontracting\/assembly\/#breadcrumb\",\"itemListElement\":[{\"@type\":\"ListItem\",\"position\":1,\"name\":\"Home\",\"item\":\"https:\/\/www.piiroinen.com\/\"},{\"@type\":\"ListItem\",\"position\":2,\"name\":\"Alihankinta\",\"item\":\"https:\/\/www.piiroinen.com\/subcontracting\/\"},{\"@type\":\"ListItem\",\"position\":3,\"name\":\"Kokoonpano\"}]},{\"@type\":\"WebSite\",\"@id\":\"https:\/\/www.piiroinen.com\/#website\",\"url\":\"https:\/\/www.piiroinen.com\/\",\"name\":\"Piiroinen\",\"description\":\"Sustainable and well-functioning furniture, venues, components and repair service\",\"potentialAction\":[{\"@type\":\"SearchAction\",\"target\":{\"@type\":\"EntryPoint\",\"urlTemplate\":\"https:\/\/www.piiroinen.com\/?s={search_term_string}\"},\"query-input\":\"required name=search_term_string\"}],\"inLanguage\":\"fi\"}]}<\/script>\n<!-- \/ Yoast SEO plugin. -->","yoast_head_json":{"title":"Kokoonpano - Piiroinen","description":"Valmistus, kokoonpano ja pakkaus \u2013 kaikki samasta osoitteesta. Hoidamme kaiken huonekalujen kokoonpanosta monimutkaisimpiin tuotteisiin.","robots":{"index":"index","follow":"follow","max-snippet":"max-snippet:-1","max-image-preview":"max-image-preview:large","max-video-preview":"max-video-preview:-1"},"canonical":"https:\/\/www.piiroinen.com\/subcontracting\/assembly\/","og_locale":"fi_FI","og_type":"article","og_title":"Kokoonpano - Piiroinen","og_description":"Valmistus, kokoonpano ja pakkaus \u2013 kaikki samasta osoitteesta. Hoidamme kaiken huonekalujen kokoonpanosta monimutkaisimpiin tuotteisiin.","og_url":"https:\/\/www.piiroinen.com\/subcontracting\/assembly\/","og_site_name":"Piiroinen","article_modified_time":"2025-11-03T07:56:50+00:00","og_image":[{"width":1200,"height":1200,"url":"https:\/\/www.piiroinen.com\/wp-content\/uploads\/Piiroinen-assembly.jpg","type":"image\/jpeg"}],"twitter_card":"summary_large_image","twitter_misc":{"Arvioitu lukuaika":"1 minuutti"},"schema":{"@context":"https:\/\/schema.org","@graph":[{"@type":"WebPage","@id":"https:\/\/www.piiroinen.com\/subcontracting\/assembly\/","url":"https:\/\/www.piiroinen.com\/subcontracting\/assembly\/","name":"Kokoonpano - Piiroinen","isPartOf":{"@id":"https:\/\/www.piiroinen.com\/#website"},"datePublished":"2022-02-01T12:58:55+00:00","dateModified":"2025-11-03T07:56:50+00:00","description":"Valmistus, kokoonpano ja pakkaus \u2013 kaikki samasta osoitteesta. Hoidamme kaiken huonekalujen kokoonpanosta monimutkaisimpiin tuotteisiin.","breadcrumb":{"@id":"https:\/\/www.piiroinen.com\/subcontracting\/assembly\/#breadcrumb"},"inLanguage":"fi","potentialAction":[{"@type":"ReadAction","target":["https:\/\/www.piiroinen.com\/subcontracting\/assembly\/"]}]},{"@type":"BreadcrumbList","@id":"https:\/\/www.piiroinen.com\/subcontracting\/assembly\/#breadcrumb","itemListElement":[{"@type":"ListItem","position":1,"name":"Home","item":"https:\/\/www.piiroinen.com\/"},{"@type":"ListItem","position":2,"name":"Alihankinta","item":"https:\/\/www.piiroinen.com\/subcontracting\/"},{"@type":"ListItem","position":3,"name":"Kokoonpano"}]},{"@type":"WebSite","@id":"https:\/\/www.piiroinen.com\/#website","url":"https:\/\/www.piiroinen.com\/","name":"Piiroinen","description":"Sustainable and well-functioning furniture, venues, components and repair service","potentialAction":[{"@type":"SearchAction","target":{"@type":"EntryPoint","urlTemplate":"https:\/\/www.piiroinen.com\/?s={search_term_string}"},"query-input":"required name=search_term_string"}],"inLanguage":"fi"}]}},"_links":{"self":[{"href":"https:\/\/www.piiroinen.com\/fi\/wp-json\/wp\/v2\/pages\/2516","targetHints":{"allow":["GET"]}}],"collection":[{"href":"https:\/\/www.piiroinen.com\/fi\/wp-json\/wp\/v2\/pages"}],"about":[{"href":"https:\/\/www.piiroinen.com\/fi\/wp-json\/wp\/v2\/types\/page"}],"author":[{"embeddable":true,"href":"https:\/\/www.piiroinen.com\/fi\/wp-json\/wp\/v2\/users\/2"}],"replies":[{"embeddable":true,"href":"https:\/\/www.piiroinen.com\/fi\/wp-json\/wp\/v2\/comments?post=2516"}],"version-history":[{"count":18,"href":"https:\/\/www.piiroinen.com\/fi\/wp-json\/wp\/v2\/pages\/2516\/revisions"}],"predecessor-version":[{"id":15346,"href":"https:\/\/www.piiroinen.com\/fi\/wp-json\/wp\/v2\/pages\/2516\/revisions\/15346"}],"up":[{"embeddable":true,"href":"https:\/\/www.piiroinen.com\/fi\/wp-json\/wp\/v2\/pages\/2387"}],"wp:featuredmedia":[{"embeddable":true,"href":"https:\/\/www.piiroinen.com\/fi\/wp-json\/wp\/v2\/media\/2390"}],"wp:attachment":[{"href":"https:\/\/www.piiroinen.com\/fi\/wp-json\/wp\/v2\/media?parent=2516"}],"curies":[{"name":"wp","href":"https:\/\/api.w.org\/{rel}","templated":true}]}}