{"id":12125,"date":"2022-01-30T12:01:05","date_gmt":"2024-10-16T04:46:06","guid":{"rendered":"https:\/\/www.piiroinen.com\/?post_type=product&#038;p=12125"},"modified":"2024-10-16T08:38:53","modified_gmt":"2024-10-16T05:38:53","slug":"ap-wood-a","status":"publish","type":"product","link":"https:\/\/www.piiroinen.com\/fi\/tuote\/ap-wood-a\/","title":{"rendered":"AP Wood A"},"content":{"rendered":"<p>[vc_row full_width=&#8221;stretch_row&#8221; gap=&#8221;35&#8243; content_placement=&#8221;top&#8221;][vc_column width=&#8221;1\/3&#8243;][vc_column_text]<\/p>\n<h4>Vastuullisuus<\/h4>\n<p>Toimintamme on sertifioitu kansainv\u00e4listen laatu-, ymp\u00e4rist\u00f6- sek\u00e4 ty\u00f6terveys- ja ty\u00f6turvallisuus -j\u00e4rjestelmien mukaisesti.\u00a0<a href=\"https:\/\/www.piiroinen.com\/fi\/vastuullisuus\/\" target=\"_blank\" rel=\"noopener\">Lue lis\u00e4\u00e4 \u00bb<\/a><\/p>\n<p>Istuimemme suunnitellaan ja valmistetaan Suomessa.[\/vc_column_text][\/vc_column][vc_column width=&#8221;1\/3&#8243;][vc_row_inner css=&#8221;.vc_custom_1664433226965{margin-top: -1em !important;}&#8221;][vc_column_inner width=&#8221;1\/3&#8243;][vc_single_image image=&#8221;6752&#8243;][\/vc_column_inner][vc_column_inner width=&#8221;1\/3&#8243;][vc_single_image image=&#8221;6754&#8243;][\/vc_column_inner][vc_column_inner width=&#8221;1\/3&#8243;][\/vc_column_inner][\/vc_row_inner][\/vc_column][vc_column width=&#8221;1\/3&#8243; css=&#8221;.vc_custom_1667906234431{padding-top: 10% !important;padding-right: 12% !important;padding-bottom: 12% !important;padding-left: 12% !important;background-color: #b08640 !important;}&#8221;][vc_column_text el_class=&#8221;valkoinen-teksti&#8221;]<\/p>\n<h4>Ladattavat materiaalit<\/h4>\n<p>[\/vc_column_text]<style type=\"text\/css\" data-type=\"the7_shortcodes-inline-css\">#default-btn-f0d9cd7e41db09db256d1764267bc307 {\n  border-radius: 0px;\n  font-size: 16px;\n  line-height: 18px;\n}\n.btn-shadow#default-btn-f0d9cd7e41db09db256d1764267bc307 {\n  box-shadow: 0 1px 6px rgba(0,0,0,0.12);\n  transition: box-shadow 0.2s ease-out, opacity 0.45s;\n}\n.btn-shadow#default-btn-f0d9cd7e41db09db256d1764267bc307:hover {\n  box-shadow: 0 5px 11px 0 rgba(0,0,0,0.18), 0 4px 15px 0 rgba(0,0,0,0.15);\n}\n.btn-3d#default-btn-f0d9cd7e41db09db256d1764267bc307:hover {\n  box-shadow: 0px 2px 0px 0px #dfdfdf;\n}\n.btn-flat#default-btn-f0d9cd7e41db09db256d1764267bc307 {\n  box-shadow: none;\n}\n.btn-flat#default-btn-f0d9cd7e41db09db256d1764267bc307:hover {\n  box-shadow: none;\n}\n#default-btn-f0d9cd7e41db09db256d1764267bc307.ico-right-side > i {\n  margin-right: 0px;\n  margin-left: 8px;\n}\n#default-btn-f0d9cd7e41db09db256d1764267bc307 > i {\n  margin-right: 8px;\n  font-size: 16px;\n}\n#default-btn-f0d9cd7e41db09db256d1764267bc307:not(:hover) {\n  border-width: 2px;\n  border-color: #fefefe !important;\n  color: #fefefe;\n  background: none !important;\n  padding: 16px 22px 16px 22px;\n}\n#default-btn-f0d9cd7e41db09db256d1764267bc307:not(:hover) * {\n  color: #fefefe;\n}\n#default-btn-f0d9cd7e41db09db256d1764267bc307:hover {\n  border-width: 2px;\n  border-color: #b08640 !important;\n  color: #b08640;\n  background: #fefefe !important;\n  padding: 16px 22px 16px 22px;\n}\n#default-btn-f0d9cd7e41db09db256d1764267bc307:hover * {\n  color: #b08640;\n}\n#default-btn-f0d9cd7e41db09db256d1764267bc307.ico-right-side > i {\n  margin-right: 0px;\n  margin-left: 8px;\n}\n#default-btn-f0d9cd7e41db09db256d1764267bc307 > i {\n  margin-right: 8px;\n}\n<\/style><a href=\"https:\/\/www.piiroinen.com\/wp-content\/uploads\/Piiroinen-katsomot.pdf\" class=\"default-btn-shortcode dt-btn link-hover-off anchor-link btn-inline-left btn-flat \" target=\"_blank\" id=\"default-btn-f0d9cd7e41db09db256d1764267bc307\" rel=\"noopener\"><i class=\"icomoon-the7-font-the7-arrow-33\"><\/i><span>Esite<\/span><\/a>[\/vc_column][\/vc_row][vc_row][vc_column]<div class=\"templatera_shortcode\"><div data-vc-full-width=\"true\" data-vc-full-width-init=\"false\" class=\"vc_row wpb_row vc_row-fluid vc_column-gap-35 vc_row-o-equal-height vc_row-o-content-middle vc_row-flex\"><div class=\"wpb_column vc_column_container vc_col-sm-12\"><div class=\"vc_column-inner\"><div class=\"wpb_wrapper\">\n\t<div class=\"wpb_text_column wpb_content_element  vc_custom_1640166187914\" >\n\t\t<div class=\"wpb_wrapper\">\n\t\t\t<h1 style=\"text-align: center;\">Ota yhteytt\u00e4<\/h1>\n\n\t\t<\/div>\n\t<\/div>\n<\/div><\/div><\/div><div class=\"wpb_column vc_column_container vc_col-sm-6 vc_col-has-fill\"><div class=\"vc_column-inner vc_custom_1667482623796\"><div class=\"wpb_wrapper\">\n\t<div class=\"wpb_text_column wpb_content_element \" >\n\t\t<div class=\"wpb_wrapper\">\n\t\t\t<h2>Kysy lis\u00e4\u00e4<\/h2>\n<p class=\"inkku\">Kysy lis\u00e4\u00e4 asiantuntijoiltamme!<\/p>\n\n\t\t<\/div>\n\t<\/div>\n<div class=\"vc_row wpb_row vc_inner vc_row-fluid vc_custom_1640165076341 vc_column-gap-20 vc_row-o-equal-height vc_row-o-content-middle vc_row-flex\"><div class=\"wpb_column vc_column_container vc_col-sm-6\"><div class=\"vc_column-inner\"><div class=\"wpb_wrapper\">\n\t<div  class=\"wpb_single_image wpb_content_element vc_align_left\">\n\t\t\n\t\t<figure class=\"wpb_wrapper vc_figure\">\n\t\t\t<div class=\"vc_single_image-wrapper   vc_box_border_grey\"><img decoding=\"async\" width=\"1200\" height=\"1199\" src=\"https:\/\/www.piiroinen.com\/wp-content\/uploads\/BKR_5476nelio-bw-web.jpg\" class=\"vc_single_image-img attachment-full\" alt=\"Juho Nieminen\" title=\"\" srcset=\"https:\/\/www.piiroinen.com\/wp-content\/uploads\/BKR_5476nelio-bw-web.jpg 1200w, https:\/\/www.piiroinen.com\/wp-content\/uploads\/BKR_5476nelio-bw-web-400x400.jpg 400w, https:\/\/www.piiroinen.com\/wp-content\/uploads\/BKR_5476nelio-bw-web-200x200.jpg 200w, https:\/\/www.piiroinen.com\/wp-content\/uploads\/BKR_5476nelio-bw-web-800x799.jpg 800w, https:\/\/www.piiroinen.com\/wp-content\/uploads\/BKR_5476nelio-bw-web-300x300.jpg 300w, https:\/\/www.piiroinen.com\/wp-content\/uploads\/BKR_5476nelio-bw-web-1024x1024.jpg 1024w, https:\/\/www.piiroinen.com\/wp-content\/uploads\/BKR_5476nelio-bw-web-150x150.jpg 150w, https:\/\/www.piiroinen.com\/wp-content\/uploads\/BKR_5476nelio-bw-web-768x767.jpg 768w, https:\/\/www.piiroinen.com\/wp-content\/uploads\/BKR_5476nelio-bw-web-600x600.jpg 600w\" sizes=\"(max-width: 1200px) 100vw, 1200px\"  data-dt-location=\"https:\/\/www.piiroinen.com\/fi\/bkr_5476nelio-bw-web-2\/\" \/><\/div>\n\t\t<\/figure>\n\t<\/div>\n<\/div><\/div><\/div><div class=\"wpb_column vc_column_container vc_col-sm-6\"><div class=\"vc_column-inner\"><div class=\"wpb_wrapper\">\n\t<div class=\"wpb_text_column wpb_content_element \" >\n\t\t<div class=\"wpb_wrapper\">\n\t\t\t<h4>Juho Nieminen<\/h4>\n<p><strong>Asiakkuusp\u00e4\u00e4llikk\u00f6<\/strong><br \/>\nAuditoriot &amp; designkalusteet<\/p>\n<p><a href=\"mailto:juho.nieminen@piiroinen.com\">juho.nieminen@piiroinen.com<\/a><br \/>\n<a href=\"tel:+358442442358\">+358 44 244 2358<\/a><\/p>\n\n\t\t<\/div>\n\t<\/div>\n<\/div><\/div><\/div><\/div><div class=\"vc_row wpb_row vc_inner vc_row-fluid vc_custom_1640165076341 vc_column-gap-20 vc_row-o-equal-height vc_row-o-content-middle vc_row-flex\"><div class=\"wpb_column vc_column_container vc_col-sm-6\"><div class=\"vc_column-inner\"><div class=\"wpb_wrapper\">\n\t<div  class=\"wpb_single_image wpb_content_element vc_align_left\">\n\t\t\n\t\t<figure class=\"wpb_wrapper vc_figure\">\n\t\t\t<div class=\"vc_single_image-wrapper   vc_box_border_grey\"><img decoding=\"async\" width=\"1200\" height=\"1200\" src=\"https:\/\/www.piiroinen.com\/wp-content\/uploads\/piiroinen-henkilokuvat-tomi-pollanen.png\" class=\"vc_single_image-img attachment-full\" alt=\"Tomi P\u00f6ll\u00e4nen\" title=\"Tomi P\u00f6ll\u00e4nen\" srcset=\"https:\/\/www.piiroinen.com\/wp-content\/uploads\/piiroinen-henkilokuvat-tomi-pollanen.png 1200w, https:\/\/www.piiroinen.com\/wp-content\/uploads\/piiroinen-henkilokuvat-tomi-pollanen-400x400.png 400w, https:\/\/www.piiroinen.com\/wp-content\/uploads\/piiroinen-henkilokuvat-tomi-pollanen-200x200.png 200w, https:\/\/www.piiroinen.com\/wp-content\/uploads\/piiroinen-henkilokuvat-tomi-pollanen-800x800.png 800w, https:\/\/www.piiroinen.com\/wp-content\/uploads\/piiroinen-henkilokuvat-tomi-pollanen-300x300.png 300w, https:\/\/www.piiroinen.com\/wp-content\/uploads\/piiroinen-henkilokuvat-tomi-pollanen-1024x1024.png 1024w, https:\/\/www.piiroinen.com\/wp-content\/uploads\/piiroinen-henkilokuvat-tomi-pollanen-150x150.png 150w, https:\/\/www.piiroinen.com\/wp-content\/uploads\/piiroinen-henkilokuvat-tomi-pollanen-768x768.png 768w, https:\/\/www.piiroinen.com\/wp-content\/uploads\/piiroinen-henkilokuvat-tomi-pollanen-600x600.png 600w\" sizes=\"(max-width: 1200px) 100vw, 1200px\"  data-dt-location=\"https:\/\/www.piiroinen.com\/fi\/yhteystiedot\/tomi-pollanen\/\" \/><\/div>\n\t\t<\/figure>\n\t<\/div>\n<\/div><\/div><\/div><div class=\"wpb_column vc_column_container vc_col-sm-6\"><div class=\"vc_column-inner\"><div class=\"wpb_wrapper\">\n\t<div class=\"wpb_text_column wpb_content_element \" >\n\t\t<div class=\"wpb_wrapper\">\n\t\t\t<h4>Tomi P\u00f6ll\u00e4nen<\/h4>\n<p><strong>Liiketoimintajohtaja<\/strong><br \/>\nUrheiluareenat &amp; katsomot<\/p>\n<p><a href=\"mailto:tomi.pollanen@piiroinen.com\">tomi.pollanen@piiroinen.com<\/a><br \/>\n<a href=\"tel:+358400567769\">+358 400 567 769<\/a><\/p>\n\n\t\t<\/div>\n\t<\/div>\n<\/div><\/div><\/div><\/div><\/div><\/div><\/div><div class=\"wpb_column vc_column_container vc_col-sm-6 vc_col-has-fill\"><div class=\"vc_column-inner vc_custom_1667482783116\"><div class=\"wpb_wrapper\">\n\t<div class=\"wpb_text_column wpb_content_element  valkoinen-teksti\" >\n\t\t<div class=\"wpb_wrapper\">\n\t\t\t<h2>Ota yhteytt\u00e4<\/h2>\n<p class=\"inkku\">Aloita j\u00e4tt\u00e4m\u00e4ll\u00e4 yhteystietosi.<\/p>\n\n\t\t<\/div>\n\t<\/div>\n\n<div class=\"wpcf7 no-js\" id=\"wpcf7-f3411-o1\" lang=\"fi\" dir=\"ltr\">\n<div class=\"screen-reader-response\"><p role=\"status\" aria-live=\"polite\" aria-atomic=\"true\"><\/p> <ul><\/ul><\/div>\n<form action=\"\/fi\/wp-json\/wp\/v2\/product\/12125#wpcf7-f3411-o1\" method=\"post\" class=\"wpcf7-form init\" aria-label=\"Yhteydenottolomake\" novalidate=\"novalidate\" data-status=\"init\">\n<div style=\"display: none;\">\n<input type=\"hidden\" name=\"_wpcf7\" value=\"3411\" \/>\n<input type=\"hidden\" name=\"_wpcf7_version\" value=\"5.8.2\" \/>\n<input type=\"hidden\" name=\"_wpcf7_locale\" value=\"fi\" \/>\n<input type=\"hidden\" name=\"_wpcf7_unit_tag\" value=\"wpcf7-f3411-o1\" \/>\n<input type=\"hidden\" name=\"_wpcf7_container_post\" value=\"0\" \/>\n<input type=\"hidden\" name=\"_wpcf7_posted_data_hash\" value=\"\" \/>\n<input type=\"hidden\" name=\"_wpcf7_recaptcha_response\" value=\"\" \/>\n<\/div>\n<p><label><br \/>\n<span class=\"wpcf7-form-control-wrap\" data-name=\"your-info\"><input size=\"40\" class=\"wpcf7-form-control wpcf7-text wpcf7-validates-as-required\" aria-required=\"true\" aria-invalid=\"false\" placeholder=\"S\u00e4hk\u00f6postiosoite tai puhelinnumero\" value=\"\" type=\"text\" name=\"your-info\" \/><\/span> <\/label>\n<\/p>\n<p><input class=\"wpcf7-form-control wpcf7-submit has-spinner\" type=\"submit\" value=\"L\u00e4het\u00e4\" \/>\n<\/p><div class=\"wpcf7-response-output\" aria-hidden=\"true\"><\/div>\n<\/form>\n<\/div>\n<\/div><\/div><\/div><\/div><div class=\"vc_row-full-width vc_clearfix\"><\/div><\/div>[\/vc_column][\/vc_row]<\/p>\n","protected":false},"excerpt":{"rendered":"<p class=\"inkku\">Piiroinen AP Wood katsomoistuin soveltuu erityisesti teleskooppikatsomoihin.<\/p>\n<p>Istuin on r\u00e4\u00e4t\u00e4l\u00f6it\u00e4viss\u00e4 tilan ja toiveiden mukaan moniin erilaisiin tiloihin.<\/p>\n<p>Istuimen pintamateriaali on puuviilua tai laminaattia. Saatavilla ilman verhoilua, istuinosa verhoiltuna tai selk\u00e4noja osittain verhoiltuna.<\/p>\n<p>Soveltuu teleskooppiin asennettavaksi. Istuimen k\u00e4\u00e4nt\u00f6mekansimi on t\u00e4ysautomaattinen.<\/p>\n<ul class=\"katsomoistuin\">\n<li>Ergonominen ja joustava selk\u00e4noja<\/li>\n<li>Asennus portaan vaakapintaan<\/li>\n<li>Toiminta teleskoopissa t\u00e4ysautomaattinen<\/li>\n<li>T\u00e4ytt\u00e4\u00e4 paloluokitusvaatimukset<\/li>\n<li>Saatavilla my\u00f6s ilman k\u00e4sinojia: <a href=\"https:\/\/www.piiroinen.com\/fi\/tuote\/ap-wood\/\">AP Wood<\/a><\/li>\n<\/ul>\n","protected":false},"featured_media":12133,"template":"","meta":[],"product_cat":[152,74,190],"product_tag":[],"class_list":["post-12125","product","type-product","status-publish","has-post-thumbnail","hentry","product_cat-auditoriokalusteet","product_cat-istuimet-sisakayttoon","product_cat-uusi-katsomoistuin","description-off"],"yoast_head":"<!-- This site is optimized with the Yoast SEO plugin v21.4 - https:\/\/yoast.com\/wordpress\/plugins\/seo\/ -->\n<title>AP Wood A - Piiroinen<\/title>\n<meta name=\"robots\" content=\"index, follow, max-snippet:-1, max-image-preview:large, max-video-preview:-1\" \/>\n<link rel=\"canonical\" href=\"https:\/\/www.piiroinen.com\/tuote\/ap-wood-a\/\" \/>\n<meta property=\"og:locale\" content=\"fi_FI\" \/>\n<meta property=\"og:type\" content=\"article\" \/>\n<meta property=\"og:title\" content=\"AP Wood A - Piiroinen\" \/>\n<meta property=\"og:description\" content=\"Piiroinen AP Wood katsomoistuin soveltuu erityisesti teleskooppikatsomoihin. Istuin on r\u00e4\u00e4t\u00e4l\u00f6it\u00e4viss\u00e4 tilan ja toiveiden mukaan moniin erilaisiin tiloihin.  Istuimen pintamateriaali on puuviilua tai laminaattia. Saatavilla ilman verhoilua, istuinosa verhoiltuna tai selk\u00e4noja osittain verhoiltuna.  Soveltuu teleskooppiin asennettavaksi. Istuimen k\u00e4\u00e4nt\u00f6mekansimi on t\u00e4ysautomaattinen.   Ergonominen ja joustava selk\u00e4noja  Asennus portaan vaakapintaan  Toiminta teleskoopissa t\u00e4ysautomaattinen  T\u00e4ytt\u00e4\u00e4 paloluokitusvaatimukset  Saatavilla my\u00f6s ilman k\u00e4sinojia: AP Wood\" \/>\n<meta property=\"og:url\" content=\"https:\/\/www.piiroinen.com\/tuote\/ap-wood-a\/\" \/>\n<meta property=\"og:site_name\" content=\"Piiroinen\" \/>\n<meta property=\"article:modified_time\" content=\"2024-10-16T05:38:53+00:00\" \/>\n<meta property=\"og:image\" content=\"https:\/\/www.piiroinen.com\/wp-content\/uploads\/Piiroinen-AP-Wood-A-2.png\" \/>\n\t<meta property=\"og:image:width\" content=\"1536\" \/>\n\t<meta property=\"og:image:height\" content=\"1536\" \/>\n\t<meta property=\"og:image:type\" content=\"image\/png\" \/>\n<meta name=\"twitter:card\" content=\"summary_large_image\" \/>\n<meta name=\"twitter:label1\" content=\"Arvioitu lukuaika\" \/>\n\t<meta name=\"twitter:data1\" content=\"1 minuutti\" \/>\n<script type=\"application\/ld+json\" class=\"yoast-schema-graph\">{\"@context\":\"https:\/\/schema.org\",\"@graph\":[{\"@type\":\"WebPage\",\"@id\":\"https:\/\/www.piiroinen.com\/tuote\/ap-wood-a\/\",\"url\":\"https:\/\/www.piiroinen.com\/tuote\/ap-wood-a\/\",\"name\":\"AP Wood A - Piiroinen\",\"isPartOf\":{\"@id\":\"https:\/\/www.piiroinen.com\/#website\"},\"datePublished\":\"2024-10-16T04:46:06+00:00\",\"dateModified\":\"2024-10-16T05:38:53+00:00\",\"breadcrumb\":{\"@id\":\"https:\/\/www.piiroinen.com\/tuote\/ap-wood-a\/#breadcrumb\"},\"inLanguage\":\"fi\",\"potentialAction\":[{\"@type\":\"ReadAction\",\"target\":[\"https:\/\/www.piiroinen.com\/tuote\/ap-wood-a\/\"]}]},{\"@type\":\"BreadcrumbList\",\"@id\":\"https:\/\/www.piiroinen.com\/tuote\/ap-wood-a\/#breadcrumb\",\"itemListElement\":[{\"@type\":\"ListItem\",\"position\":1,\"name\":\"Home\",\"item\":\"https:\/\/www.piiroinen.com\/\"},{\"@type\":\"ListItem\",\"position\":2,\"name\":\"Shop\",\"item\":\"https:\/\/www.piiroinen.com\/fi\/shop-2\/\"},{\"@type\":\"ListItem\",\"position\":3,\"name\":\"AP Wood A\"}]},{\"@type\":\"WebSite\",\"@id\":\"https:\/\/www.piiroinen.com\/#website\",\"url\":\"https:\/\/www.piiroinen.com\/\",\"name\":\"Piiroinen\",\"description\":\"Sustainable and well-functioning furniture, venues, components and repair service\",\"potentialAction\":[{\"@type\":\"SearchAction\",\"target\":{\"@type\":\"EntryPoint\",\"urlTemplate\":\"https:\/\/www.piiroinen.com\/?s={search_term_string}\"},\"query-input\":\"required name=search_term_string\"}],\"inLanguage\":\"fi\"}]}<\/script>\n<!-- \/ Yoast SEO plugin. -->","yoast_head_json":{"title":"AP Wood A - Piiroinen","robots":{"index":"index","follow":"follow","max-snippet":"max-snippet:-1","max-image-preview":"max-image-preview:large","max-video-preview":"max-video-preview:-1"},"canonical":"https:\/\/www.piiroinen.com\/tuote\/ap-wood-a\/","og_locale":"fi_FI","og_type":"article","og_title":"AP Wood A - Piiroinen","og_description":"Piiroinen AP Wood katsomoistuin soveltuu erityisesti teleskooppikatsomoihin. Istuin on r\u00e4\u00e4t\u00e4l\u00f6it\u00e4viss\u00e4 tilan ja toiveiden mukaan moniin erilaisiin tiloihin.  Istuimen pintamateriaali on puuviilua tai laminaattia. Saatavilla ilman verhoilua, istuinosa verhoiltuna tai selk\u00e4noja osittain verhoiltuna.  Soveltuu teleskooppiin asennettavaksi. Istuimen k\u00e4\u00e4nt\u00f6mekansimi on t\u00e4ysautomaattinen.   Ergonominen ja joustava selk\u00e4noja  Asennus portaan vaakapintaan  Toiminta teleskoopissa t\u00e4ysautomaattinen  T\u00e4ytt\u00e4\u00e4 paloluokitusvaatimukset  Saatavilla my\u00f6s ilman k\u00e4sinojia: AP Wood","og_url":"https:\/\/www.piiroinen.com\/tuote\/ap-wood-a\/","og_site_name":"Piiroinen","article_modified_time":"2024-10-16T05:38:53+00:00","og_image":[{"width":1536,"height":1536,"url":"https:\/\/www.piiroinen.com\/wp-content\/uploads\/Piiroinen-AP-Wood-A-2.png","type":"image\/png"}],"twitter_card":"summary_large_image","twitter_misc":{"Arvioitu lukuaika":"1 minuutti"},"schema":{"@context":"https:\/\/schema.org","@graph":[{"@type":"WebPage","@id":"https:\/\/www.piiroinen.com\/tuote\/ap-wood-a\/","url":"https:\/\/www.piiroinen.com\/tuote\/ap-wood-a\/","name":"AP Wood A - Piiroinen","isPartOf":{"@id":"https:\/\/www.piiroinen.com\/#website"},"datePublished":"2024-10-16T04:46:06+00:00","dateModified":"2024-10-16T05:38:53+00:00","breadcrumb":{"@id":"https:\/\/www.piiroinen.com\/tuote\/ap-wood-a\/#breadcrumb"},"inLanguage":"fi","potentialAction":[{"@type":"ReadAction","target":["https:\/\/www.piiroinen.com\/tuote\/ap-wood-a\/"]}]},{"@type":"BreadcrumbList","@id":"https:\/\/www.piiroinen.com\/tuote\/ap-wood-a\/#breadcrumb","itemListElement":[{"@type":"ListItem","position":1,"name":"Home","item":"https:\/\/www.piiroinen.com\/"},{"@type":"ListItem","position":2,"name":"Shop","item":"https:\/\/www.piiroinen.com\/fi\/shop-2\/"},{"@type":"ListItem","position":3,"name":"AP Wood A"}]},{"@type":"WebSite","@id":"https:\/\/www.piiroinen.com\/#website","url":"https:\/\/www.piiroinen.com\/","name":"Piiroinen","description":"Sustainable and well-functioning furniture, venues, components and repair service","potentialAction":[{"@type":"SearchAction","target":{"@type":"EntryPoint","urlTemplate":"https:\/\/www.piiroinen.com\/?s={search_term_string}"},"query-input":"required name=search_term_string"}],"inLanguage":"fi"}]}},"_links":{"self":[{"href":"https:\/\/www.piiroinen.com\/fi\/wp-json\/wp\/v2\/product\/12125","targetHints":{"allow":["GET"]}}],"collection":[{"href":"https:\/\/www.piiroinen.com\/fi\/wp-json\/wp\/v2\/product"}],"about":[{"href":"https:\/\/www.piiroinen.com\/fi\/wp-json\/wp\/v2\/types\/product"}],"wp:featuredmedia":[{"embeddable":true,"href":"https:\/\/www.piiroinen.com\/fi\/wp-json\/wp\/v2\/media\/12133"}],"wp:attachment":[{"href":"https:\/\/www.piiroinen.com\/fi\/wp-json\/wp\/v2\/media?parent=12125"}],"wp:term":[{"taxonomy":"product_cat","embeddable":true,"href":"https:\/\/www.piiroinen.com\/fi\/wp-json\/wp\/v2\/product_cat?post=12125"},{"taxonomy":"product_tag","embeddable":true,"href":"https:\/\/www.piiroinen.com\/fi\/wp-json\/wp\/v2\/product_tag?post=12125"}],"curies":[{"name":"wp","href":"https:\/\/api.w.org\/{rel}","templated":true}]}}