{"id":2578,"date":"2022-01-26T16:52:06","date_gmt":"2022-01-26T13:52:06","guid":{"rendered":"https:\/\/www.piiroinen.com\/product\/xo-table\/"},"modified":"2022-02-01T16:45:01","modified_gmt":"2022-02-01T13:45:01","slug":"xo-table","status":"publish","type":"product","link":"https:\/\/www.piiroinen.com\/fi\/tuote\/xo-table\/","title":{"rendered":"XO Table"},"content":{"rendered":"<p>[vc_row full_width=&#8221;stretch_row&#8221; gap=&#8221;35&#8243; content_placement=&#8221;top&#8221;][vc_column width=&#8221;3\/6&#8243;][vc_column_text]<\/p>\n<h2>Materiaalit<\/h2>\n<p>[\/vc_column_text][vc_tta_tabs style=&#8221;flat&#8221; shape=&#8221;square&#8221; color=&#8221;white&#8221; spacing=&#8221;&#8221; active_section=&#8221;1&#8243; no_fill_content_area=&#8221;true&#8221;][vc_tta_section title=&#8221;Massiivilaminaatti&#8221; tab_id=&#8221;1641993449821-08b69f2b-06b4c3cf-8f1e&#8221;][vc_row_inner content_placement=&#8221;top&#8221;][vc_column_inner width=&#8221;1\/5&#8243;][vc_single_image image=&#8221;2329&#8243; img_size=&#8221;medium&#8221; alignment=&#8221;center&#8221; style=&#8221;vc_box_shadow_circle&#8221;][vc_column_text]<\/p>\n<p style=\"text-align: center;\">Valkoinen<\/p>\n<p>[\/vc_column_text][\/vc_column_inner][vc_column_inner width=&#8221;1\/5&#8243;][vc_single_image image=&#8221;2312&#8243; img_size=&#8221;medium&#8221; alignment=&#8221;center&#8221; style=&#8221;vc_box_circle&#8221;][vc_column_text]<\/p>\n<p style=\"text-align: center;\">Musta<\/p>\n<p>[\/vc_column_text][\/vc_column_inner][vc_column_inner width=&#8221;1\/5&#8243;][\/vc_column_inner][vc_column_inner width=&#8221;1\/5&#8243;][\/vc_column_inner][vc_column_inner width=&#8221;1\/5&#8243;][\/vc_column_inner][\/vc_row_inner][\/vc_tta_section][vc_tta_section title=&#8221;Metallirunko&#8221; tab_id=&#8221;1641993271579-ef8c7b52-743fc3cf-8f1e&#8221;][vc_row_inner][vc_column_inner width=&#8221;1\/5&#8243;][vc_single_image image=&#8221;2316&#8243; img_size=&#8221;medium&#8221; alignment=&#8221;center&#8221; style=&#8221;vc_box_circle&#8221; lazy_loading=&#8221;true&#8221;][vc_column_text]<\/p>\n<p style=\"text-align: center;\">Eco-kromi<br \/>\nCR3+<\/p>\n<p>[\/vc_column_text][\/vc_column_inner][vc_column_inner width=&#8221;1\/5&#8243;][vc_single_image image=&#8221;2321&#8243; img_size=&#8221;medium&#8221; alignment=&#8221;center&#8221; style=&#8221;vc_box_circle&#8221; lazy_loading=&#8221;true&#8221;][vc_column_text]<\/p>\n<p style=\"text-align: center;\">Matta<br \/>\nkromi<\/p>\n<p>[\/vc_column_text][\/vc_column_inner][vc_column_inner width=&#8221;1\/5&#8243;][vc_single_image image=&#8221;2318&#8243; img_size=&#8221;medium&#8221; alignment=&#8221;center&#8221; style=&#8221;vc_box_circle&#8221; lazy_loading=&#8221;true&#8221;][vc_column_text]<\/p>\n<p style=\"text-align: center;\">Harmaa<br \/>\nRAL 9006<\/p>\n<p>[\/vc_column_text][\/vc_column_inner][vc_column_inner width=&#8221;1\/5&#8243;][vc_single_image image=&#8221;2319&#8243; img_size=&#8221;medium&#8221; alignment=&#8221;center&#8221; style=&#8221;vc_box_circle&#8221; lazy_loading=&#8221;true&#8221;][vc_column_text]<\/p>\n<p style=\"text-align: center;\">Harmaa<br \/>\nRAL 9007<\/p>\n<p>[\/vc_column_text][\/vc_column_inner][vc_column_inner width=&#8221;1\/5&#8243;][vc_single_image image=&#8221;2329&#8243; img_size=&#8221;medium&#8221; alignment=&#8221;center&#8221; style=&#8221;vc_box_shadow_circle&#8221; lazy_loading=&#8221;true&#8221;][vc_column_text]<\/p>\n<p style=\"text-align: center;\">Valkoinen<br \/>\nRAL 9016<\/p>\n<p>[\/vc_column_text][\/vc_column_inner][vc_column_inner width=&#8221;1\/5&#8243;][vc_single_image image=&#8221;2312&#8243; img_size=&#8221;medium&#8221; alignment=&#8221;center&#8221; style=&#8221;vc_box_circle&#8221; lazy_loading=&#8221;true&#8221;][vc_column_text]<\/p>\n<p style=\"text-align: center;\">Musta<br \/>\nRAL 9005<\/p>\n<p>[\/vc_column_text][\/vc_column_inner][vc_column_inner width=&#8221;1\/5&#8243;][vc_single_image image=&#8221;2320&#8243; img_size=&#8221;medium&#8221; alignment=&#8221;center&#8221; style=&#8221;vc_box_circle&#8221; lazy_loading=&#8221;true&#8221;][vc_column_text]<\/p>\n<p style=\"text-align: center;\">Vaalea kupari<br \/>\nCU3<\/p>\n<p>[\/vc_column_text][\/vc_column_inner][vc_column_inner width=&#8221;1\/5&#8243;][vc_single_image image=&#8221;2315&#8243; img_size=&#8221;medium&#8221; alignment=&#8221;center&#8221; style=&#8221;vc_box_circle&#8221; lazy_loading=&#8221;true&#8221;][vc_column_text]<\/p>\n<p style=\"text-align: center;\">Tumma kupari<br \/>\nCU4<\/p>\n<p>[\/vc_column_text][\/vc_column_inner][vc_column_inner width=&#8221;1\/5&#8243;][vc_single_image image=&#8221;2313&#8243; img_size=&#8221;medium&#8221; alignment=&#8221;center&#8221; style=&#8221;vc_box_circle&#8221; lazy_loading=&#8221;true&#8221;][vc_column_text]<\/p>\n<p style=\"text-align: center;\">Messinki<br \/>\nbrass 2<\/p>\n<p>[\/vc_column_text][\/vc_column_inner][vc_column_inner width=&#8221;1\/5&#8243;][vc_single_image image=&#8221;2314&#8243; img_size=&#8221;medium&#8221; alignment=&#8221;center&#8221; style=&#8221;vc_box_circle&#8221; lazy_loading=&#8221;true&#8221;][vc_column_text]<\/p>\n<p style=\"text-align: center;\">Pronssi<br \/>\nbronze 2<\/p>\n<p>[\/vc_column_text][\/vc_column_inner][vc_column_inner width=&#8221;1\/5&#8243;][vc_single_image image=&#8221;2317&#8243; img_size=&#8221;medium&#8221; alignment=&#8221;center&#8221; style=&#8221;vc_box_circle&#8221; lazy_loading=&#8221;true&#8221;][vc_column_text]<\/p>\n<p style=\"text-align: center;\">Grafiitin harmaa,<br \/>\ngraphite 2<\/p>\n<p>[\/vc_column_text][\/vc_column_inner][vc_column_inner width=&#8221;1\/5&#8243;][vc_single_image image=&#8221;2327&#8243; img_size=&#8221;medium&#8221; alignment=&#8221;center&#8221; style=&#8221;vc_box_circle&#8221; lazy_loading=&#8221;true&#8221;][vc_column_text]<\/p>\n<p style=\"text-align: center;\">Helmi\u00e4is-<br \/>\nharmaa<\/p>\n<p>[\/vc_column_text][\/vc_column_inner][vc_column_inner width=&#8221;1\/5&#8243;][vc_single_image image=&#8221;2328&#8243; img_size=&#8221;medium&#8221; alignment=&#8221;center&#8221; style=&#8221;vc_box_shadow_circle&#8221; lazy_loading=&#8221;true&#8221;][vc_column_text]<\/p>\n<p style=\"text-align: center;\">Antibakteerinen<br \/>\npulverimaali<\/p>\n<p>[\/vc_column_text][\/vc_column_inner][vc_column_inner width=&#8221;1\/5&#8243;][\/vc_column_inner][vc_column_inner width=&#8221;1\/5&#8243;][\/vc_column_inner][\/vc_row_inner][\/vc_tta_section][\/vc_tta_tabs][\/vc_column][vc_column width=&#8221;1\/6&#8243;][\/vc_column][vc_column width=&#8221;2\/6&#8243; css=&#8221;.vc_custom_1643117433436{padding-top: 15% !important;padding-right: 15% !important;padding-bottom: 15% !important;padding-left: 15% !important;background-color: #dce9f5 !important;}&#8221; el_class=&#8221;sininen-teksti&#8221;][vc_column_text]<\/p>\n<h4>Erityist\u00e4<\/h4>\n<p>Kahden korkeusvaihtoehdon ansiosta p\u00f6yd\u00e4t voidaan sijoittaa limitt\u00e4in.<\/p>\n<p>[\/vc_column_text][vc_column_text]<\/p>\n<h4>Ladattavat materiaalit<\/h4>\n<p>[\/vc_column_text]<style type=\"text\/css\" data-type=\"the7_shortcodes-inline-css\">#default-btn-0b68aeaed4e93053efb0f2dc8814e230 {\n  border-radius: 0px;\n  font-size: 16px;\n  line-height: 18px;\n}\n.btn-shadow#default-btn-0b68aeaed4e93053efb0f2dc8814e230 {\n  box-shadow: 0 1px 6px rgba(0,0,0,0.12);\n  transition: box-shadow 0.2s ease-out, opacity 0.45s;\n}\n.btn-shadow#default-btn-0b68aeaed4e93053efb0f2dc8814e230:hover {\n  box-shadow: 0 5px 11px 0 rgba(0,0,0,0.18), 0 4px 15px 0 rgba(0,0,0,0.15);\n}\n.btn-3d#default-btn-0b68aeaed4e93053efb0f2dc8814e230:hover {\n  box-shadow: 0px 2px 0px 0px #0b225f;\n}\n.btn-flat#default-btn-0b68aeaed4e93053efb0f2dc8814e230 {\n  box-shadow: none;\n}\n.btn-flat#default-btn-0b68aeaed4e93053efb0f2dc8814e230:hover {\n  box-shadow: none;\n}\n#default-btn-0b68aeaed4e93053efb0f2dc8814e230.ico-right-side > i {\n  margin-right: 0px;\n  margin-left: 8px;\n}\n#default-btn-0b68aeaed4e93053efb0f2dc8814e230 > i {\n  margin-right: 8px;\n  font-size: 16px;\n}\n#default-btn-0b68aeaed4e93053efb0f2dc8814e230:not(:hover) {\n  border-width: 2px;\n  border-color: #002fa7 !important;\n  color: #002fa7;\n  background: none !important;\n  padding: 16px 22px 16px 22px;\n}\n#default-btn-0b68aeaed4e93053efb0f2dc8814e230:not(:hover) * {\n  color: #002fa7;\n}\n#default-btn-0b68aeaed4e93053efb0f2dc8814e230:hover {\n  border-width: 2px;\n  border-color: #002fa7 !important;\n  color: #fefefe;\n  background: #002fa7 !important;\n  padding: 16px 22px 16px 22px;\n}\n#default-btn-0b68aeaed4e93053efb0f2dc8814e230:hover * {\n  color: #fefefe;\n}\n#default-btn-0b68aeaed4e93053efb0f2dc8814e230.ico-right-side > i {\n  margin-right: 0px;\n  margin-left: 8px;\n}\n#default-btn-0b68aeaed4e93053efb0f2dc8814e230 > i {\n  margin-right: 8px;\n}\n<\/style><a href=\"http:\/\/www.piiroinen.com\/wp-content\/uploads\/XO-Tables_Factsheet.pdf\" class=\"default-btn-shortcode dt-btn link-hover-off anchor-link btn-inline-left btn-flat \" target=\"_blank\" id=\"default-btn-0b68aeaed4e93053efb0f2dc8814e230\" rel=\"noopener\"><i class=\"icomoon-the7-font-the7-arrow-33\"><\/i><span>Fact sheet<\/span><\/a><style type=\"text\/css\" data-type=\"the7_shortcodes-inline-css\">#default-btn-a8dfb8dab1db2b88684177ea9e0cf324 {\n  border-radius: 0px;\n  font-size: 16px;\n  line-height: 18px;\n}\n.btn-shadow#default-btn-a8dfb8dab1db2b88684177ea9e0cf324 {\n  box-shadow: 0 1px 6px rgba(0,0,0,0.12);\n  transition: box-shadow 0.2s ease-out, opacity 0.45s;\n}\n.btn-shadow#default-btn-a8dfb8dab1db2b88684177ea9e0cf324:hover {\n  box-shadow: 0 5px 11px 0 rgba(0,0,0,0.18), 0 4px 15px 0 rgba(0,0,0,0.15);\n}\n.btn-3d#default-btn-a8dfb8dab1db2b88684177ea9e0cf324 {\n  box-shadow: 0px 2px 0px 0px #0b225f;\n}\n.btn-flat#default-btn-a8dfb8dab1db2b88684177ea9e0cf324 {\n  box-shadow: none;\n}\n.btn-flat#default-btn-a8dfb8dab1db2b88684177ea9e0cf324:hover {\n  box-shadow: none;\n}\n#default-btn-a8dfb8dab1db2b88684177ea9e0cf324.ico-right-side > i {\n  margin-right: 0px;\n  margin-left: 8px;\n}\n#default-btn-a8dfb8dab1db2b88684177ea9e0cf324 > i {\n  margin-right: 8px;\n  font-size: 16px;\n}\n#default-btn-a8dfb8dab1db2b88684177ea9e0cf324:not(:hover) {\n  border-width: 2px;\n  border-color: #002fa7 !important;\n  color: #fefefe;\n  background: #002fa7 !important;\n  padding: 16px 22px 16px 22px;\n}\n#default-btn-a8dfb8dab1db2b88684177ea9e0cf324:not(:hover) * {\n  color: #fefefe;\n}\n#default-btn-a8dfb8dab1db2b88684177ea9e0cf324:hover {\n  border-width: 2px;\n  border-color: #002fa7 !important;\n  color: #002fa7;\n  background: none !important;\n  padding: 16px 22px 16px 22px;\n}\n#default-btn-a8dfb8dab1db2b88684177ea9e0cf324:hover * {\n  color: #002fa7;\n}\n#default-btn-a8dfb8dab1db2b88684177ea9e0cf324.ico-right-side > i {\n  margin-right: 0px;\n  margin-left: 8px;\n}\n#default-btn-a8dfb8dab1db2b88684177ea9e0cf324 > i {\n  margin-right: 8px;\n}\n<\/style><a href=\"#\" class=\"default-btn-shortcode dt-btn link-hover-off anchor-link btn-inline-left btn-flat  vc_custom_1643116669386\" id=\"default-btn-a8dfb8dab1db2b88684177ea9e0cf324\"><i class=\"icomoon-the7-font-the7-arrow-33\"><\/i><span>2D (DWG)<\/span><\/a><style type=\"text\/css\" data-type=\"the7_shortcodes-inline-css\">#default-btn-2228ba36975f5a5e11ec5f8ff993b782 {\n  border-radius: 0px;\n  font-size: 16px;\n  line-height: 18px;\n}\n.btn-shadow#default-btn-2228ba36975f5a5e11ec5f8ff993b782 {\n  box-shadow: 0 1px 6px rgba(0,0,0,0.12);\n  transition: box-shadow 0.2s ease-out, opacity 0.45s;\n}\n.btn-shadow#default-btn-2228ba36975f5a5e11ec5f8ff993b782:hover {\n  box-shadow: 0 5px 11px 0 rgba(0,0,0,0.18), 0 4px 15px 0 rgba(0,0,0,0.15);\n}\n.btn-3d#default-btn-2228ba36975f5a5e11ec5f8ff993b782 {\n  box-shadow: 0px 2px 0px 0px #0b225f;\n}\n.btn-flat#default-btn-2228ba36975f5a5e11ec5f8ff993b782 {\n  box-shadow: none;\n}\n.btn-flat#default-btn-2228ba36975f5a5e11ec5f8ff993b782:hover {\n  box-shadow: none;\n}\n#default-btn-2228ba36975f5a5e11ec5f8ff993b782.ico-right-side > i {\n  margin-right: 0px;\n  margin-left: 8px;\n}\n#default-btn-2228ba36975f5a5e11ec5f8ff993b782 > i {\n  margin-right: 8px;\n  font-size: 16px;\n}\n#default-btn-2228ba36975f5a5e11ec5f8ff993b782:not(:hover) {\n  border-width: 2px;\n  border-color: #002fa7 !important;\n  color: #fefefe;\n  background: #002fa7 !important;\n  padding: 16px 22px 16px 22px;\n}\n#default-btn-2228ba36975f5a5e11ec5f8ff993b782:not(:hover) * {\n  color: #fefefe;\n}\n#default-btn-2228ba36975f5a5e11ec5f8ff993b782:hover {\n  border-width: 2px;\n  border-color: #002fa7 !important;\n  color: #002fa7;\n  background: none !important;\n  padding: 16px 22px 16px 22px;\n}\n#default-btn-2228ba36975f5a5e11ec5f8ff993b782:hover * {\n  color: #002fa7;\n}\n#default-btn-2228ba36975f5a5e11ec5f8ff993b782.ico-right-side > i {\n  margin-right: 0px;\n  margin-left: 8px;\n}\n#default-btn-2228ba36975f5a5e11ec5f8ff993b782 > i {\n  margin-right: 8px;\n}\n<\/style><a href=\"#\" class=\"default-btn-shortcode dt-btn link-hover-off anchor-link btn-inline-left btn-flat  vc_custom_1643116708638\" id=\"default-btn-2228ba36975f5a5e11ec5f8ff993b782\"><i class=\"icomoon-the7-font-the7-arrow-33\"><\/i><span>3D (DWG)<\/span><\/a><style type=\"text\/css\" data-type=\"the7_shortcodes-inline-css\">#default-btn-e420806dd6e0aa1293421cf8452fcdfb {\n  border-radius: 0px;\n  font-size: 16px;\n  line-height: 18px;\n}\n.btn-shadow#default-btn-e420806dd6e0aa1293421cf8452fcdfb {\n  box-shadow: 0 1px 6px rgba(0,0,0,0.12);\n  transition: box-shadow 0.2s ease-out, opacity 0.45s;\n}\n.btn-shadow#default-btn-e420806dd6e0aa1293421cf8452fcdfb:hover {\n  box-shadow: 0 5px 11px 0 rgba(0,0,0,0.18), 0 4px 15px 0 rgba(0,0,0,0.15);\n}\n.btn-3d#default-btn-e420806dd6e0aa1293421cf8452fcdfb {\n  box-shadow: 0px 2px 0px 0px #0b225f;\n}\n.btn-flat#default-btn-e420806dd6e0aa1293421cf8452fcdfb {\n  box-shadow: none;\n}\n.btn-flat#default-btn-e420806dd6e0aa1293421cf8452fcdfb:hover {\n  box-shadow: none;\n}\n#default-btn-e420806dd6e0aa1293421cf8452fcdfb.ico-right-side > i {\n  margin-right: 0px;\n  margin-left: 8px;\n}\n#default-btn-e420806dd6e0aa1293421cf8452fcdfb > i {\n  margin-right: 8px;\n  font-size: 16px;\n}\n#default-btn-e420806dd6e0aa1293421cf8452fcdfb:not(:hover) {\n  border-width: 2px;\n  border-color: #002fa7 !important;\n  color: #fefefe;\n  background: #002fa7 !important;\n  padding: 16px 22px 16px 22px;\n}\n#default-btn-e420806dd6e0aa1293421cf8452fcdfb:not(:hover) * {\n  color: #fefefe;\n}\n#default-btn-e420806dd6e0aa1293421cf8452fcdfb:hover {\n  border-width: 2px;\n  border-color: #002fa7 !important;\n  color: #002fa7;\n  background: none !important;\n  padding: 16px 22px 16px 22px;\n}\n#default-btn-e420806dd6e0aa1293421cf8452fcdfb:hover * {\n  color: #002fa7;\n}\n#default-btn-e420806dd6e0aa1293421cf8452fcdfb.ico-right-side > i {\n  margin-right: 0px;\n  margin-left: 8px;\n}\n#default-btn-e420806dd6e0aa1293421cf8452fcdfb > i {\n  margin-right: 8px;\n}\n<\/style><a href=\"#\" class=\"default-btn-shortcode dt-btn link-hover-off anchor-link btn-inline-left btn-flat  vc_custom_1643116725051\" id=\"default-btn-e420806dd6e0aa1293421cf8452fcdfb\"><i class=\"icomoon-the7-font-the7-arrow-33\"><\/i><span>3D (GSM)<\/span><\/a>[\/vc_column][\/vc_row]<\/p>\n","protected":false},"excerpt":{"rendered":"<h3>Design Antti Kotilainen<\/h3>\n<p>XO-sohvap\u00f6yt\u00e4 yll\u00e4tt\u00e4\u00e4 katsojansa keveydell\u00e4\u00e4n ja selkeydell\u00e4\u00e4n. Vain 6 mm paksu py\u00f6re\u00e4 massiivilaminaattikansi on saatavana kahdella halkaisijalla ja p\u00f6yt\u00e4 kahdella korkeudella. Kahden korkeusvaihtoehdon ansiosta p\u00f6yd\u00e4t voidaan sijoittaa limitt\u00e4in. Runkorakenne on logistisesti tehokas, sill\u00e4 pystyputki voidaan kiert\u00e4\u00e4 k\u00e4sin irti kannesta ja alaristikosta.<\/p>\n","protected":false},"featured_media":2579,"template":"","meta":[],"product_cat":[82,75,89,77,92],"product_tag":[],"class_list":["post-2578","product","type-product","status-publish","has-post-thumbnail","hentry","product_cat-aulat","product_cat-designkalusteet","product_cat-poydat","product_cat-ravintolat","product_cat-xo-mallisto","description-off"],"yoast_head":"<!-- This site is optimized with the Yoast SEO plugin v21.4 - https:\/\/yoast.com\/wordpress\/plugins\/seo\/ -->\n<title>XO Table - Piiroinen<\/title>\n<meta name=\"robots\" content=\"index, follow, max-snippet:-1, max-image-preview:large, max-video-preview:-1\" \/>\n<link rel=\"canonical\" href=\"https:\/\/www.piiroinen.com\/fi\/tuote\/xo-table\/\" \/>\n<meta property=\"og:locale\" content=\"fi_FI\" \/>\n<meta property=\"og:type\" content=\"article\" \/>\n<meta property=\"og:title\" content=\"XO Table - Piiroinen\" \/>\n<meta property=\"og:description\" content=\"Design Antti Kotilainen  XO-sohvap\u00f6yt\u00e4 yll\u00e4tt\u00e4\u00e4 katsojansa keveydell\u00e4\u00e4n ja selkeydell\u00e4\u00e4n. Vain 6 mm paksu py\u00f6re\u00e4 massiivilaminaattikansi on saatavana kahdella halkaisijalla ja p\u00f6yt\u00e4 kahdella korkeudella. Kahden korkeusvaihtoehdon ansiosta p\u00f6yd\u00e4t voidaan sijoittaa limitt\u00e4in. Runkorakenne on logistisesti tehokas, sill\u00e4 pystyputki voidaan kiert\u00e4\u00e4 k\u00e4sin irti kannesta ja alaristikosta.\" \/>\n<meta property=\"og:url\" content=\"https:\/\/www.piiroinen.com\/fi\/tuote\/xo-table\/\" \/>\n<meta property=\"og:site_name\" content=\"Piiroinen\" \/>\n<meta property=\"article:modified_time\" content=\"2022-02-01T13:45:01+00:00\" \/>\n<meta property=\"og:image\" content=\"https:\/\/www.piiroinen.com\/wp-content\/uploads\/XO-Table.jpeg\" \/>\n\t<meta property=\"og:image:width\" content=\"220\" \/>\n\t<meta property=\"og:image:height\" content=\"280\" \/>\n\t<meta property=\"og:image:type\" content=\"image\/jpeg\" \/>\n<meta name=\"twitter:card\" content=\"summary_large_image\" \/>\n<meta name=\"twitter:label1\" content=\"Arvioitu lukuaika\" \/>\n\t<meta name=\"twitter:data1\" content=\"5 minuuttia\" \/>\n<script type=\"application\/ld+json\" class=\"yoast-schema-graph\">{\"@context\":\"https:\/\/schema.org\",\"@graph\":[{\"@type\":\"WebPage\",\"@id\":\"https:\/\/www.piiroinen.com\/fi\/tuote\/xo-table\/\",\"url\":\"https:\/\/www.piiroinen.com\/fi\/tuote\/xo-table\/\",\"name\":\"XO Table - Piiroinen\",\"isPartOf\":{\"@id\":\"https:\/\/www.piiroinen.com\/#website\"},\"datePublished\":\"2022-01-26T13:52:06+00:00\",\"dateModified\":\"2022-02-01T13:45:01+00:00\",\"breadcrumb\":{\"@id\":\"https:\/\/www.piiroinen.com\/fi\/tuote\/xo-table\/#breadcrumb\"},\"inLanguage\":\"fi\",\"potentialAction\":[{\"@type\":\"ReadAction\",\"target\":[\"https:\/\/www.piiroinen.com\/fi\/tuote\/xo-table\/\"]}]},{\"@type\":\"BreadcrumbList\",\"@id\":\"https:\/\/www.piiroinen.com\/fi\/tuote\/xo-table\/#breadcrumb\",\"itemListElement\":[{\"@type\":\"ListItem\",\"position\":1,\"name\":\"Home\",\"item\":\"https:\/\/www.piiroinen.com\/\"},{\"@type\":\"ListItem\",\"position\":2,\"name\":\"Shop\",\"item\":\"https:\/\/www.piiroinen.com\/fi\/shop-2\/\"},{\"@type\":\"ListItem\",\"position\":3,\"name\":\"XO Table\"}]},{\"@type\":\"WebSite\",\"@id\":\"https:\/\/www.piiroinen.com\/#website\",\"url\":\"https:\/\/www.piiroinen.com\/\",\"name\":\"Piiroinen\",\"description\":\"Sustainable and well-functioning furniture, venues, components and repair service\",\"potentialAction\":[{\"@type\":\"SearchAction\",\"target\":{\"@type\":\"EntryPoint\",\"urlTemplate\":\"https:\/\/www.piiroinen.com\/?s={search_term_string}\"},\"query-input\":\"required name=search_term_string\"}],\"inLanguage\":\"fi\"}]}<\/script>\n<!-- \/ Yoast SEO plugin. -->","yoast_head_json":{"title":"XO Table - Piiroinen","robots":{"index":"index","follow":"follow","max-snippet":"max-snippet:-1","max-image-preview":"max-image-preview:large","max-video-preview":"max-video-preview:-1"},"canonical":"https:\/\/www.piiroinen.com\/fi\/tuote\/xo-table\/","og_locale":"fi_FI","og_type":"article","og_title":"XO Table - Piiroinen","og_description":"Design Antti Kotilainen  XO-sohvap\u00f6yt\u00e4 yll\u00e4tt\u00e4\u00e4 katsojansa keveydell\u00e4\u00e4n ja selkeydell\u00e4\u00e4n. Vain 6 mm paksu py\u00f6re\u00e4 massiivilaminaattikansi on saatavana kahdella halkaisijalla ja p\u00f6yt\u00e4 kahdella korkeudella. Kahden korkeusvaihtoehdon ansiosta p\u00f6yd\u00e4t voidaan sijoittaa limitt\u00e4in. Runkorakenne on logistisesti tehokas, sill\u00e4 pystyputki voidaan kiert\u00e4\u00e4 k\u00e4sin irti kannesta ja alaristikosta.","og_url":"https:\/\/www.piiroinen.com\/fi\/tuote\/xo-table\/","og_site_name":"Piiroinen","article_modified_time":"2022-02-01T13:45:01+00:00","og_image":[{"width":220,"height":280,"url":"https:\/\/www.piiroinen.com\/wp-content\/uploads\/XO-Table.jpeg","type":"image\/jpeg"}],"twitter_card":"summary_large_image","twitter_misc":{"Arvioitu lukuaika":"5 minuuttia"},"schema":{"@context":"https:\/\/schema.org","@graph":[{"@type":"WebPage","@id":"https:\/\/www.piiroinen.com\/fi\/tuote\/xo-table\/","url":"https:\/\/www.piiroinen.com\/fi\/tuote\/xo-table\/","name":"XO Table - Piiroinen","isPartOf":{"@id":"https:\/\/www.piiroinen.com\/#website"},"datePublished":"2022-01-26T13:52:06+00:00","dateModified":"2022-02-01T13:45:01+00:00","breadcrumb":{"@id":"https:\/\/www.piiroinen.com\/fi\/tuote\/xo-table\/#breadcrumb"},"inLanguage":"fi","potentialAction":[{"@type":"ReadAction","target":["https:\/\/www.piiroinen.com\/fi\/tuote\/xo-table\/"]}]},{"@type":"BreadcrumbList","@id":"https:\/\/www.piiroinen.com\/fi\/tuote\/xo-table\/#breadcrumb","itemListElement":[{"@type":"ListItem","position":1,"name":"Home","item":"https:\/\/www.piiroinen.com\/"},{"@type":"ListItem","position":2,"name":"Shop","item":"https:\/\/www.piiroinen.com\/fi\/shop-2\/"},{"@type":"ListItem","position":3,"name":"XO Table"}]},{"@type":"WebSite","@id":"https:\/\/www.piiroinen.com\/#website","url":"https:\/\/www.piiroinen.com\/","name":"Piiroinen","description":"Sustainable and well-functioning furniture, venues, components and repair service","potentialAction":[{"@type":"SearchAction","target":{"@type":"EntryPoint","urlTemplate":"https:\/\/www.piiroinen.com\/?s={search_term_string}"},"query-input":"required name=search_term_string"}],"inLanguage":"fi"}]}},"_links":{"self":[{"href":"https:\/\/www.piiroinen.com\/fi\/wp-json\/wp\/v2\/product\/2578","targetHints":{"allow":["GET"]}}],"collection":[{"href":"https:\/\/www.piiroinen.com\/fi\/wp-json\/wp\/v2\/product"}],"about":[{"href":"https:\/\/www.piiroinen.com\/fi\/wp-json\/wp\/v2\/types\/product"}],"wp:featuredmedia":[{"embeddable":true,"href":"https:\/\/www.piiroinen.com\/fi\/wp-json\/wp\/v2\/media\/2579"}],"wp:attachment":[{"href":"https:\/\/www.piiroinen.com\/fi\/wp-json\/wp\/v2\/media?parent=2578"}],"wp:term":[{"taxonomy":"product_cat","embeddable":true,"href":"https:\/\/www.piiroinen.com\/fi\/wp-json\/wp\/v2\/product_cat?post=2578"},{"taxonomy":"product_tag","embeddable":true,"href":"https:\/\/www.piiroinen.com\/fi\/wp-json\/wp\/v2\/product_tag?post=2578"}],"curies":[{"name":"wp","href":"https:\/\/api.w.org\/{rel}","templated":true}]}}