{"id":7790,"date":"2022-10-06T15:19:22","date_gmt":"2022-10-06T12:19:22","guid":{"rendered":"https:\/\/www.piiroinen.com\/?post_type=product&#038;p=7790"},"modified":"2024-03-07T10:44:59","modified_gmt":"2024-03-07T07:44:59","slug":"arena-c72-poyta","status":"publish","type":"product","link":"https:\/\/www.piiroinen.com\/fi\/tuote\/arena-c72-poyta\/","title":{"rendered":"Arena C72 p\u00f6yt\u00e4"},"content":{"rendered":"<p>[vc_row full_width=&#8221;stretch_row&#8221; gap=&#8221;35&#8243; content_placement=&#8221;top&#8221; disable_element=&#8221;yes&#8221;][vc_column width=&#8221;1\/3&#8243;][vc_single_image image=&#8221;3982&#8243; img_size=&#8221;full&#8221;][\/vc_column][vc_column width=&#8221;1\/3&#8243;][vc_single_image image=&#8221;3982&#8243; img_size=&#8221;full&#8221;][\/vc_column][vc_column width=&#8221;1\/3&#8243;][vc_single_image image=&#8221;3982&#8243; img_size=&#8221;full&#8221;][\/vc_column][\/vc_row][vc_row full_width=&#8221;stretch_row&#8221; gap=&#8221;35&#8243; content_placement=&#8221;top&#8221;][vc_column width=&#8221;1\/3&#8243;][vc_column_text]<div class=\"templatera_shortcode\"><div data-vc-full-width=\"true\" data-vc-full-width-init=\"false\" class=\"vc_row wpb_row vc_row-fluid vc_custom_1670403431805\"><div class=\"wpb_column vc_column_container vc_col-sm-12\"><div class=\"vc_column-inner\"><div class=\"wpb_wrapper\">\n\t<div class=\"wpb_text_column wpb_content_element \" >\n\t\t<div class=\"wpb_wrapper\">\n\t\t\t<h4>Projektimallisto<\/h4>\n<p>Etsitk\u00f6 jotain muuta? Projektimallistomme sis\u00e4lt\u00e4\u00e4 laajemman lis\u00e4varuste-, materiaali- ja tuotevalikoiman. Projektimallistossamme my\u00f6s vakiomallistoon kuuluvat tuotteet ovat r\u00e4\u00e4t\u00e4l\u00f6it\u00e4viss\u00e4.<\/p>\n\n\t\t<\/div>\n\t<\/div>\n<\/div><\/div><\/div><\/div><div class=\"vc_row-full-width vc_clearfix\"><\/div><\/div>[\/vc_column_text]<style type=\"text\/css\" data-type=\"the7_shortcodes-inline-css\">#default-btn-ba9ad89eabf561e58d9173a5a4dcabf9 {\n  border-radius: 0px;\n  font-size: 16px;\n  line-height: 18px;\n}\n.btn-shadow#default-btn-ba9ad89eabf561e58d9173a5a4dcabf9 {\n  box-shadow: 0 1px 6px rgba(0,0,0,0.12);\n  transition: box-shadow 0.2s ease-out, opacity 0.45s;\n}\n.btn-shadow#default-btn-ba9ad89eabf561e58d9173a5a4dcabf9:hover {\n  box-shadow: 0 5px 11px 0 rgba(0,0,0,0.18), 0 4px 15px 0 rgba(0,0,0,0.15);\n}\n.btn-3d#default-btn-ba9ad89eabf561e58d9173a5a4dcabf9:hover {\n  box-shadow: 0px 2px 0px 0px #0b225f;\n}\n.btn-flat#default-btn-ba9ad89eabf561e58d9173a5a4dcabf9 {\n  box-shadow: none;\n}\n.btn-flat#default-btn-ba9ad89eabf561e58d9173a5a4dcabf9:hover {\n  box-shadow: none;\n}\n#default-btn-ba9ad89eabf561e58d9173a5a4dcabf9.ico-right-side > i {\n  margin-right: 0px;\n  margin-left: 8px;\n}\n#default-btn-ba9ad89eabf561e58d9173a5a4dcabf9 > i {\n  margin-right: 8px;\n  font-size: 16px;\n}\n#default-btn-ba9ad89eabf561e58d9173a5a4dcabf9:not(:hover) {\n  border-width: 2px;\n  border-color: #002fa7 !important;\n  color: #002fa7;\n  background: none !important;\n  padding: 16px 22px 16px 22px;\n}\n#default-btn-ba9ad89eabf561e58d9173a5a4dcabf9:not(:hover) * {\n  color: #002fa7;\n}\n#default-btn-ba9ad89eabf561e58d9173a5a4dcabf9:hover {\n  border-width: 2px;\n  border-color: #002fa7 !important;\n  color: #fefefe;\n  background: #002fa7 !important;\n  padding: 16px 22px 16px 22px;\n}\n#default-btn-ba9ad89eabf561e58d9173a5a4dcabf9:hover * {\n  color: #fefefe;\n}\n#default-btn-ba9ad89eabf561e58d9173a5a4dcabf9.ico-right-side > i {\n  margin-right: 0px;\n  margin-left: 8px;\n}\n#default-btn-ba9ad89eabf561e58d9173a5a4dcabf9 > i {\n  margin-right: 8px;\n}\n<\/style><a href=\"https:\/\/www.piiroinen.com\/fi\/designkalusteet\/mallistot\/\" class=\"default-btn-shortcode dt-btn link-hover-off btn-inline-left btn-flat \" id=\"default-btn-ba9ad89eabf561e58d9173a5a4dcabf9\" title=\"Mallistot\"><i class=\"icomoon-the7-font-the7-arrow-33\"><\/i><span>Projektimallisto<\/span><\/a>[\/vc_column][vc_column width=&#8221;1\/3&#8243;][vc_column_text]<\/p>\n<h4>Vastuullisuus<\/h4>\n<p>Toimintamme on sertifioitu kansainv\u00e4listen laatu, ymp\u00e4rist\u00f6 sek\u00e4 ty\u00f6terveys ja -turvallisuus standardien mukaisesti.\u00a0<a href=\"https:\/\/www.piiroinen.com\/fi\/piiroisen-laatu-ymparisto-ja-tyoterveys-ja-turvallisuus-johtamisjarjestelmat-on-sertifioitu\/\">Lue lis\u00e4\u00e4 \u00bb<\/a><\/p>\n<p>Arena-malliston tuotteet on suunniteltu ja valmistettu Suomessa.[\/vc_column_text][vc_row_inner css=&#8221;.vc_custom_1664433226965{margin-top: -1em !important;}&#8221;][vc_column_inner width=&#8221;1\/3&#8243;][vc_single_image image=&#8221;6752&#8243;][\/vc_column_inner][vc_column_inner width=&#8221;1\/3&#8243;][vc_single_image image=&#8221;6754&#8243;][\/vc_column_inner][vc_column_inner width=&#8221;1\/3&#8243;][\/vc_column_inner][\/vc_row_inner][\/vc_column][vc_column width=&#8221;1\/3&#8243; css=&#8221;.vc_custom_1664353679112{padding-top: 10% !important;padding-right: 12% !important;padding-bottom: 12% !important;padding-left: 12% !important;background-color: #dce9f5 !important;}&#8221; el_class=&#8221;sininen-teksti&#8221;][vc_column_text]<\/p>\n<h4>Mitat<\/h4>\n<p>Pituus: 800 \/ 1000 \/ 1200 mm<br \/>\nLeveys: 800 \/ 1000 mm<br \/>\nKorkeus: 450 or 720 mm[\/vc_column_text][\/vc_column][\/vc_row][vc_row][vc_column]<div class=\"templatera_shortcode\"><div data-vc-full-width=\"true\" data-vc-full-width-init=\"false\" class=\"vc_row wpb_row vc_row-fluid vc_column-gap-35 vc_row-o-equal-height vc_row-o-content-middle vc_row-flex\"><div class=\"wpb_column vc_column_container vc_col-sm-12\"><div class=\"vc_column-inner\"><div class=\"wpb_wrapper\">\n\t<div class=\"wpb_text_column wpb_content_element  vc_custom_1640166187914\" >\n\t\t<div class=\"wpb_wrapper\">\n\t\t\t<h1 style=\"text-align: center;\">Ota yhteytt\u00e4<\/h1>\n\n\t\t<\/div>\n\t<\/div>\n<\/div><\/div><\/div><div class=\"wpb_column vc_column_container vc_col-sm-6 vc_col-has-fill\"><div class=\"vc_column-inner vc_custom_1643383003070\"><div class=\"wpb_wrapper\">\n\t<div class=\"wpb_text_column wpb_content_element \" >\n\t\t<div class=\"wpb_wrapper\">\n\t\t\t<h2>Kysy lis\u00e4\u00e4<\/h2>\n<p class=\"inkku\">Kysy lis\u00e4\u00e4 asiantuntijoiltamme!<\/p>\n\n\t\t<\/div>\n\t<\/div>\n<div class=\"vc_row wpb_row vc_inner vc_row-fluid vc_custom_1640165076341 vc_column-gap-20 vc_row-o-equal-height vc_row-o-content-middle vc_row-flex\"><div class=\"wpb_column vc_column_container vc_col-sm-6\"><div class=\"vc_column-inner\"><div class=\"wpb_wrapper\">\n\t<div  class=\"wpb_single_image wpb_content_element vc_align_left\">\n\t\t\n\t\t<figure class=\"wpb_wrapper vc_figure\">\n\t\t\t<div class=\"vc_single_image-wrapper   vc_box_border_grey\"><img decoding=\"async\" width=\"1400\" height=\"1400\" src=\"https:\/\/www.piiroinen.com\/wp-content\/uploads\/BKR_9027-nelioweb-bw.jpg\" class=\"vc_single_image-img attachment-full\" alt=\"Anna Laitala\" title=\"Anna Laitala\" srcset=\"https:\/\/www.piiroinen.com\/wp-content\/uploads\/BKR_9027-nelioweb-bw.jpg 1400w, https:\/\/www.piiroinen.com\/wp-content\/uploads\/BKR_9027-nelioweb-bw-400x400.jpg 400w, https:\/\/www.piiroinen.com\/wp-content\/uploads\/BKR_9027-nelioweb-bw-200x200.jpg 200w, https:\/\/www.piiroinen.com\/wp-content\/uploads\/BKR_9027-nelioweb-bw-800x800.jpg 800w, https:\/\/www.piiroinen.com\/wp-content\/uploads\/BKR_9027-nelioweb-bw-300x300.jpg 300w, https:\/\/www.piiroinen.com\/wp-content\/uploads\/BKR_9027-nelioweb-bw-1024x1024.jpg 1024w, https:\/\/www.piiroinen.com\/wp-content\/uploads\/BKR_9027-nelioweb-bw-150x150.jpg 150w, https:\/\/www.piiroinen.com\/wp-content\/uploads\/BKR_9027-nelioweb-bw-768x768.jpg 768w\" sizes=\"(max-width: 1400px) 100vw, 1400px\"  data-dt-location=\"https:\/\/www.piiroinen.com\/fi\/yhteystiedot\/bkr_9027-nelioweb-bw-2\/\" \/><\/div>\n\t\t<\/figure>\n\t<\/div>\n<\/div><\/div><\/div><div class=\"wpb_column vc_column_container vc_col-sm-6\"><div class=\"vc_column-inner\"><div class=\"wpb_wrapper\">\n\t<div class=\"wpb_text_column wpb_content_element \" >\n\t\t<div class=\"wpb_wrapper\">\n\t\t\t<h4>Anna Laitala<\/h4>\n<p><strong>Asiakkuusp\u00e4\u00e4llikk\u00f6<\/strong><br \/>\nDesignkalusteet &amp; Elinkaari&shy;palvelut<\/p>\n<p><a href=\"mailto:anna.laitala@piiroinen.com\">anna.laitala@piiroinen.com<\/a><br \/>\n<a href=\"tel:+358444938866\">+358 44 493 8866<\/a><\/p>\n\n\t\t<\/div>\n\t<\/div>\n<\/div><\/div><\/div><\/div><div class=\"vc_row wpb_row vc_inner vc_row-fluid vc_custom_1640165076341 vc_column-gap-20 vc_row-o-equal-height vc_row-o-content-middle vc_row-flex\"><div class=\"wpb_column vc_column_container vc_col-sm-6\"><div class=\"vc_column-inner\"><div class=\"wpb_wrapper\">\n\t<div  class=\"wpb_single_image wpb_content_element vc_align_left\">\n\t\t\n\t\t<figure class=\"wpb_wrapper vc_figure\">\n\t\t\t<div class=\"vc_single_image-wrapper   vc_box_border_grey\"><img decoding=\"async\" width=\"1200\" height=\"1199\" src=\"https:\/\/www.piiroinen.com\/wp-content\/uploads\/BKR_5476nelio-bw-web.jpg\" class=\"vc_single_image-img attachment-full\" alt=\"Juho Nieminen\" title=\"\" srcset=\"https:\/\/www.piiroinen.com\/wp-content\/uploads\/BKR_5476nelio-bw-web.jpg 1200w, https:\/\/www.piiroinen.com\/wp-content\/uploads\/BKR_5476nelio-bw-web-400x400.jpg 400w, https:\/\/www.piiroinen.com\/wp-content\/uploads\/BKR_5476nelio-bw-web-200x200.jpg 200w, https:\/\/www.piiroinen.com\/wp-content\/uploads\/BKR_5476nelio-bw-web-800x799.jpg 800w, https:\/\/www.piiroinen.com\/wp-content\/uploads\/BKR_5476nelio-bw-web-300x300.jpg 300w, https:\/\/www.piiroinen.com\/wp-content\/uploads\/BKR_5476nelio-bw-web-1024x1024.jpg 1024w, https:\/\/www.piiroinen.com\/wp-content\/uploads\/BKR_5476nelio-bw-web-150x150.jpg 150w, https:\/\/www.piiroinen.com\/wp-content\/uploads\/BKR_5476nelio-bw-web-768x767.jpg 768w, https:\/\/www.piiroinen.com\/wp-content\/uploads\/BKR_5476nelio-bw-web-600x600.jpg 600w\" sizes=\"(max-width: 1200px) 100vw, 1200px\"  data-dt-location=\"https:\/\/www.piiroinen.com\/fi\/bkr_5476nelio-bw-web-2\/\" \/><\/div>\n\t\t<\/figure>\n\t<\/div>\n<\/div><\/div><\/div><div class=\"wpb_column vc_column_container vc_col-sm-6\"><div class=\"vc_column-inner\"><div class=\"wpb_wrapper\">\n\t<div class=\"wpb_text_column wpb_content_element \" >\n\t\t<div class=\"wpb_wrapper\">\n\t\t\t<h4>Juho Nieminen<\/h4>\n<p><strong>Asiakkuusp\u00e4\u00e4llikk\u00f6<\/strong><br \/>\nDesignkalusteet, auditoriot &amp; elinkaari&shy;palvelut<\/p>\n<p><a href=\"mailto:juho.nieminen@piiroinen.com\">juho.nieminen@piiroinen.com<\/a><br \/>\n<a href=\"tel:+358442442358\">+358 44 244 2358<\/a><\/p>\n\n\t\t<\/div>\n\t<\/div>\n<\/div><\/div><\/div><\/div><div class=\"vc_row wpb_row vc_inner vc_row-fluid vc_custom_1640165071941 vc_column-gap-20 vc_row-o-equal-height vc_row-o-content-middle vc_row-flex\"><div class=\"wpb_column vc_column_container vc_col-sm-6\"><div class=\"vc_column-inner\"><div class=\"wpb_wrapper\">\n\t<div  class=\"wpb_single_image wpb_content_element vc_align_left\">\n\t\t\n\t\t<figure class=\"wpb_wrapper vc_figure\">\n\t\t\t<div class=\"vc_single_image-wrapper   vc_box_border_grey\"><img decoding=\"async\" width=\"1200\" height=\"1200\" src=\"https:\/\/www.piiroinen.com\/wp-content\/uploads\/piiroinen-henkilokuvat-timo-kaivonen.jpg\" class=\"vc_single_image-img attachment-full\" alt=\"Timo Kaivonen\" title=\"Timo Kaivonen\" srcset=\"https:\/\/www.piiroinen.com\/wp-content\/uploads\/piiroinen-henkilokuvat-timo-kaivonen.jpg 1200w, https:\/\/www.piiroinen.com\/wp-content\/uploads\/piiroinen-henkilokuvat-timo-kaivonen-400x400.jpg 400w, https:\/\/www.piiroinen.com\/wp-content\/uploads\/piiroinen-henkilokuvat-timo-kaivonen-200x200.jpg 200w, https:\/\/www.piiroinen.com\/wp-content\/uploads\/piiroinen-henkilokuvat-timo-kaivonen-800x800.jpg 800w, https:\/\/www.piiroinen.com\/wp-content\/uploads\/piiroinen-henkilokuvat-timo-kaivonen-300x300.jpg 300w, https:\/\/www.piiroinen.com\/wp-content\/uploads\/piiroinen-henkilokuvat-timo-kaivonen-1024x1024.jpg 1024w, https:\/\/www.piiroinen.com\/wp-content\/uploads\/piiroinen-henkilokuvat-timo-kaivonen-150x150.jpg 150w, https:\/\/www.piiroinen.com\/wp-content\/uploads\/piiroinen-henkilokuvat-timo-kaivonen-768x768.jpg 768w, https:\/\/www.piiroinen.com\/wp-content\/uploads\/piiroinen-henkilokuvat-timo-kaivonen-600x600.jpg 600w\" sizes=\"(max-width: 1200px) 100vw, 1200px\"  data-dt-location=\"https:\/\/www.piiroinen.com\/fi\/yhteystiedot\/timo-kaivonen\/\" \/><\/div>\n\t\t<\/figure>\n\t<\/div>\n<\/div><\/div><\/div><div class=\"wpb_column vc_column_container vc_col-sm-6\"><div class=\"vc_column-inner\"><div class=\"wpb_wrapper\">\n\t<div class=\"wpb_text_column wpb_content_element \" >\n\t\t<div class=\"wpb_wrapper\">\n\t\t\t<h4>Timo Kaivonen<\/h4>\n<p><strong>Liiketoimintajohtaja<\/strong><br \/>\nDesignkalusteet, auditoriot &amp; elinkaaripalvelut<\/p>\n<p><a href=\"tel:+358443362995\">+358 44 336 2995<\/a><br \/>\n<a href=\"mailto:timo.kaivonen@piiroinen.com\">timo.kaivonen@piiroinen.com<\/a><\/p>\n\n\t\t<\/div>\n\t<\/div>\n<\/div><\/div><\/div><\/div><\/div><\/div><\/div><div class=\"df-formi wpb_column vc_column_container vc_col-sm-6 vc_col-has-fill\"><div class=\"vc_column-inner vc_custom_1646729763692\"><div class=\"wpb_wrapper\">\n\t<div class=\"wpb_text_column wpb_content_element  sininen-teksti\" >\n\t\t<div class=\"wpb_wrapper\">\n\t\t\t<h2>Ota yhteytt\u00e4<\/h2>\n<p class=\"inkku\">Aloita j\u00e4tt\u00e4m\u00e4ll\u00e4 yhteystietosi.<\/p>\n\n\t\t<\/div>\n\t<\/div>\n\n<div class=\"wpcf7 no-js\" id=\"wpcf7-f3413-o1\" lang=\"fi\" dir=\"ltr\">\n<div class=\"screen-reader-response\"><p role=\"status\" aria-live=\"polite\" aria-atomic=\"true\"><\/p> <ul><\/ul><\/div>\n<form action=\"\/fi\/wp-json\/wp\/v2\/product\/7790#wpcf7-f3413-o1\" method=\"post\" class=\"wpcf7-form init\" aria-label=\"Yhteydenottolomake\" novalidate=\"novalidate\" data-status=\"init\">\n<div style=\"display: none;\">\n<input type=\"hidden\" name=\"_wpcf7\" value=\"3413\" \/>\n<input type=\"hidden\" name=\"_wpcf7_version\" value=\"5.8.2\" \/>\n<input type=\"hidden\" name=\"_wpcf7_locale\" value=\"fi\" \/>\n<input type=\"hidden\" name=\"_wpcf7_unit_tag\" value=\"wpcf7-f3413-o1\" \/>\n<input type=\"hidden\" name=\"_wpcf7_container_post\" value=\"0\" \/>\n<input type=\"hidden\" name=\"_wpcf7_posted_data_hash\" value=\"\" \/>\n<input type=\"hidden\" name=\"_wpcf7_recaptcha_response\" value=\"\" \/>\n<\/div>\n<p><label><br \/>\n<span class=\"wpcf7-form-control-wrap\" data-name=\"your-info\"><input size=\"40\" class=\"wpcf7-form-control wpcf7-text wpcf7-validates-as-required\" aria-required=\"true\" aria-invalid=\"false\" placeholder=\"S\u00e4hk\u00f6postiosoite tai puhelinnumero\" value=\"\" type=\"text\" name=\"your-info\" \/><\/span> <\/label>\n<\/p>\n<p><input class=\"wpcf7-form-control wpcf7-submit has-spinner\" type=\"submit\" value=\"L\u00e4het\u00e4\" \/>\n<\/p><div class=\"wpcf7-response-output\" aria-hidden=\"true\"><\/div>\n<\/form>\n<\/div>\n<\/div><\/div><\/div><\/div><div class=\"vc_row-full-width vc_clearfix\"><\/div><\/div>[\/vc_column][\/vc_row]<\/p>\n","protected":false},"excerpt":{"rendered":"<p class=\"sininen-teksti\"><strong>Design<\/strong> Piiroinen<\/p>\n<p class=\"inkku\">Arena C72 on tyylik\u00e4s muotokielelt\u00e4\u00e4n pelkistetty p\u00f6yt\u00e4 monipuolisiin k\u00e4ytt\u00f6tarpeisiin.<\/p>\n<p>Runkorakenne kiert\u00e4\u00e4 kannen ymp\u00e4ri kannen tasossa. Jalat ovat 25&#215;25 mm ter\u00e4sputkea.<\/p>\n","protected":false},"featured_media":8486,"template":"","meta":[],"product_cat":[82,75,81,78,89,171,163,180,221],"product_tag":[],"class_list":["post-7790","product","type-product","status-publish","has-post-thumbnail","hentry","product_cat-aulat","product_cat-designkalusteet","product_cat-kokoustilat","product_cat-oppimisymparistot","product_cat-poydat","product_cat-vakio-arena-poydat","product_cat-vakiomallisto","product_cat-vakiopoydat","product_cat-yleispoydat","description-off"],"yoast_head":"<!-- This site is optimized with the Yoast SEO plugin v21.4 - https:\/\/yoast.com\/wordpress\/plugins\/seo\/ -->\n<title>Arena C72 p\u00f6yt\u00e4 - Piiroinen<\/title>\n<meta name=\"robots\" content=\"index, follow, max-snippet:-1, max-image-preview:large, max-video-preview:-1\" \/>\n<link rel=\"canonical\" href=\"https:\/\/www.piiroinen.com\/fi\/tuote\/arena-c72-poyta\/\" \/>\n<meta property=\"og:locale\" content=\"fi_FI\" \/>\n<meta property=\"og:type\" content=\"article\" \/>\n<meta property=\"og:title\" content=\"Arena C72 p\u00f6yt\u00e4 - Piiroinen\" \/>\n<meta property=\"og:description\" content=\"Design Piiroinen Arena C72 on tyylik\u00e4s muotokielelt\u00e4\u00e4n pelkistetty p\u00f6yt\u00e4 monipuolisiin k\u00e4ytt\u00f6tarpeisiin.  Runkorakenne kiert\u00e4\u00e4 kannen ymp\u00e4ri kannen tasossa. Jalat ovat 25x25 mm ter\u00e4sputkea.\" \/>\n<meta property=\"og:url\" content=\"https:\/\/www.piiroinen.com\/fi\/tuote\/arena-c72-poyta\/\" \/>\n<meta property=\"og:site_name\" content=\"Piiroinen\" \/>\n<meta property=\"article:modified_time\" content=\"2024-03-07T07:44:59+00:00\" \/>\n<meta property=\"og:image\" content=\"https:\/\/www.piiroinen.com\/wp-content\/uploads\/Piiroinen-Arena-C72-819x1024.png\" \/>\n\t<meta property=\"og:image:width\" content=\"819\" \/>\n\t<meta property=\"og:image:height\" content=\"1024\" \/>\n\t<meta property=\"og:image:type\" content=\"image\/png\" \/>\n<meta name=\"twitter:card\" content=\"summary_large_image\" \/>\n<meta name=\"twitter:label1\" content=\"Arvioitu lukuaika\" \/>\n\t<meta name=\"twitter:data1\" content=\"1 minuutti\" \/>\n<script type=\"application\/ld+json\" class=\"yoast-schema-graph\">{\"@context\":\"https:\/\/schema.org\",\"@graph\":[{\"@type\":\"WebPage\",\"@id\":\"https:\/\/www.piiroinen.com\/fi\/tuote\/arena-c72-poyta\/\",\"url\":\"https:\/\/www.piiroinen.com\/fi\/tuote\/arena-c72-poyta\/\",\"name\":\"Arena C72 p\u00f6yt\u00e4 - Piiroinen\",\"isPartOf\":{\"@id\":\"https:\/\/www.piiroinen.com\/#website\"},\"datePublished\":\"2022-10-06T12:19:22+00:00\",\"dateModified\":\"2024-03-07T07:44:59+00:00\",\"breadcrumb\":{\"@id\":\"https:\/\/www.piiroinen.com\/fi\/tuote\/arena-c72-poyta\/#breadcrumb\"},\"inLanguage\":\"fi\",\"potentialAction\":[{\"@type\":\"ReadAction\",\"target\":[\"https:\/\/www.piiroinen.com\/fi\/tuote\/arena-c72-poyta\/\"]}]},{\"@type\":\"BreadcrumbList\",\"@id\":\"https:\/\/www.piiroinen.com\/fi\/tuote\/arena-c72-poyta\/#breadcrumb\",\"itemListElement\":[{\"@type\":\"ListItem\",\"position\":1,\"name\":\"Home\",\"item\":\"https:\/\/www.piiroinen.com\/\"},{\"@type\":\"ListItem\",\"position\":2,\"name\":\"Shop\",\"item\":\"https:\/\/www.piiroinen.com\/fi\/shop-2\/\"},{\"@type\":\"ListItem\",\"position\":3,\"name\":\"Arena C72 p\u00f6yt\u00e4\"}]},{\"@type\":\"WebSite\",\"@id\":\"https:\/\/www.piiroinen.com\/#website\",\"url\":\"https:\/\/www.piiroinen.com\/\",\"name\":\"Piiroinen\",\"description\":\"Sustainable and well-functioning furniture, venues, components and repair service\",\"potentialAction\":[{\"@type\":\"SearchAction\",\"target\":{\"@type\":\"EntryPoint\",\"urlTemplate\":\"https:\/\/www.piiroinen.com\/?s={search_term_string}\"},\"query-input\":\"required name=search_term_string\"}],\"inLanguage\":\"fi\"}]}<\/script>\n<!-- \/ Yoast SEO plugin. -->","yoast_head_json":{"title":"Arena C72 p\u00f6yt\u00e4 - Piiroinen","robots":{"index":"index","follow":"follow","max-snippet":"max-snippet:-1","max-image-preview":"max-image-preview:large","max-video-preview":"max-video-preview:-1"},"canonical":"https:\/\/www.piiroinen.com\/fi\/tuote\/arena-c72-poyta\/","og_locale":"fi_FI","og_type":"article","og_title":"Arena C72 p\u00f6yt\u00e4 - Piiroinen","og_description":"Design Piiroinen Arena C72 on tyylik\u00e4s muotokielelt\u00e4\u00e4n pelkistetty p\u00f6yt\u00e4 monipuolisiin k\u00e4ytt\u00f6tarpeisiin.  Runkorakenne kiert\u00e4\u00e4 kannen ymp\u00e4ri kannen tasossa. Jalat ovat 25x25 mm ter\u00e4sputkea.","og_url":"https:\/\/www.piiroinen.com\/fi\/tuote\/arena-c72-poyta\/","og_site_name":"Piiroinen","article_modified_time":"2024-03-07T07:44:59+00:00","og_image":[{"width":819,"height":1024,"url":"https:\/\/www.piiroinen.com\/wp-content\/uploads\/Piiroinen-Arena-C72-819x1024.png","type":"image\/png"}],"twitter_card":"summary_large_image","twitter_misc":{"Arvioitu lukuaika":"1 minuutti"},"schema":{"@context":"https:\/\/schema.org","@graph":[{"@type":"WebPage","@id":"https:\/\/www.piiroinen.com\/fi\/tuote\/arena-c72-poyta\/","url":"https:\/\/www.piiroinen.com\/fi\/tuote\/arena-c72-poyta\/","name":"Arena C72 p\u00f6yt\u00e4 - Piiroinen","isPartOf":{"@id":"https:\/\/www.piiroinen.com\/#website"},"datePublished":"2022-10-06T12:19:22+00:00","dateModified":"2024-03-07T07:44:59+00:00","breadcrumb":{"@id":"https:\/\/www.piiroinen.com\/fi\/tuote\/arena-c72-poyta\/#breadcrumb"},"inLanguage":"fi","potentialAction":[{"@type":"ReadAction","target":["https:\/\/www.piiroinen.com\/fi\/tuote\/arena-c72-poyta\/"]}]},{"@type":"BreadcrumbList","@id":"https:\/\/www.piiroinen.com\/fi\/tuote\/arena-c72-poyta\/#breadcrumb","itemListElement":[{"@type":"ListItem","position":1,"name":"Home","item":"https:\/\/www.piiroinen.com\/"},{"@type":"ListItem","position":2,"name":"Shop","item":"https:\/\/www.piiroinen.com\/fi\/shop-2\/"},{"@type":"ListItem","position":3,"name":"Arena C72 p\u00f6yt\u00e4"}]},{"@type":"WebSite","@id":"https:\/\/www.piiroinen.com\/#website","url":"https:\/\/www.piiroinen.com\/","name":"Piiroinen","description":"Sustainable and well-functioning furniture, venues, components and repair service","potentialAction":[{"@type":"SearchAction","target":{"@type":"EntryPoint","urlTemplate":"https:\/\/www.piiroinen.com\/?s={search_term_string}"},"query-input":"required name=search_term_string"}],"inLanguage":"fi"}]}},"_links":{"self":[{"href":"https:\/\/www.piiroinen.com\/fi\/wp-json\/wp\/v2\/product\/7790","targetHints":{"allow":["GET"]}}],"collection":[{"href":"https:\/\/www.piiroinen.com\/fi\/wp-json\/wp\/v2\/product"}],"about":[{"href":"https:\/\/www.piiroinen.com\/fi\/wp-json\/wp\/v2\/types\/product"}],"wp:featuredmedia":[{"embeddable":true,"href":"https:\/\/www.piiroinen.com\/fi\/wp-json\/wp\/v2\/media\/8486"}],"wp:attachment":[{"href":"https:\/\/www.piiroinen.com\/fi\/wp-json\/wp\/v2\/media?parent=7790"}],"wp:term":[{"taxonomy":"product_cat","embeddable":true,"href":"https:\/\/www.piiroinen.com\/fi\/wp-json\/wp\/v2\/product_cat?post=7790"},{"taxonomy":"product_tag","embeddable":true,"href":"https:\/\/www.piiroinen.com\/fi\/wp-json\/wp\/v2\/product_tag?post=7790"}],"curies":[{"name":"wp","href":"https:\/\/api.w.org\/{rel}","templated":true}]}}